{"id":5295,"date":"2023-03-24T12:58:44","date_gmt":"2023-03-24T12:58:44","guid":{"rendered":"https:\/\/miklr.com\/fr\/?page_id=5295"},"modified":"2023-04-26T21:30:34","modified_gmt":"2023-04-26T21:30:34","slug":"mentorat-et-coaching","status":"publish","type":"page","link":"https:\/\/miklr.com\/fr\/mentorat-et-coaching\/","title":{"rendered":"Mentorat et Coaching"},"content":{"rendered":"\t\t<div data-elementor-type=\"wp-page\" data-elementor-id=\"5295\" class=\"elementor elementor-5295\">\n\t\t\t\t\t\t<section class=\"elementor-section elementor-top-section elementor-element elementor-element-673a8dc elementor-section-content-bottom elementor-section-full_width elementor-section-height-min-height elementor-section-height-default elementor-section-items-middle\" data-id=\"673a8dc\" data-element_type=\"section\" data-e-type=\"section\" data-settings=\"{&quot;background_background&quot;:&quot;classic&quot;}\">\n\t\t\t\t\t\t\t<div class=\"elementor-background-overlay\"><\/div>\n\t\t\t\t\t\t\t<div class=\"elementor-container elementor-column-gap-no\">\n\t\t\t\t\t<div class=\"elementor-column elementor-col-50 elementor-top-column elementor-element elementor-element-0c9ec3f\" data-id=\"0c9ec3f\" data-element_type=\"column\" data-e-type=\"column\">\n\t\t\t<div class=\"elementor-widget-wrap elementor-element-populated\">\n\t\t\t\t\t\t<div class=\"elementor-element elementor-element-c7a105a elementor-widget elementor-widget-heading\" data-id=\"c7a105a\" data-element_type=\"widget\" data-e-type=\"widget\" data-widget_type=\"heading.default\">\n\t\t\t\t<div class=\"elementor-widget-container\">\n\t\t\t\t\t<h2 class=\"elementor-heading-title elementor-size-large\">Coaching et Mentorat<\/h2>\t\t\t\t<\/div>\n\t\t\t\t<\/div>\n\t\t\t\t<div class=\"elementor-element elementor-element-e5946ab elementor-align-center elementor-widget elementor-widget-button\" data-id=\"e5946ab\" data-element_type=\"widget\" data-e-type=\"widget\" data-widget_type=\"button.default\">\n\t\t\t\t<div class=\"elementor-widget-container\">\n\t\t\t\t\t\t\t\t\t<div class=\"elementor-button-wrapper\">\n\t\t\t\t\t<a class=\"elementor-button elementor-button-link elementor-size-lg\" href=\"https:\/\/miklr.com\/fr\/proposition-conseil\">\n\t\t\t\t\t\t<span class=\"elementor-button-content-wrapper\">\n\t\t\t\t\t\t\t\t\t<span class=\"elementor-button-text\">D\u00e9marrez d\u00e8s aujourd'hui<\/span>\n\t\t\t\t\t<\/span>\n\t\t\t\t\t<\/a>\n\t\t\t\t<\/div>\n\t\t\t\t\t\t\t\t<\/div>\n\t\t\t\t<\/div>\n\t\t\t\t\t<\/div>\n\t\t<\/div>\n\t\t\t\t<div class=\"elementor-column elementor-col-50 elementor-top-column elementor-element elementor-element-b89852c elementor-hidden-mobile\" data-id=\"b89852c\" data-element_type=\"column\" data-e-type=\"column\">\n\t\t\t<div class=\"elementor-widget-wrap\">\n\t\t\t\t\t\t\t<\/div>\n\t\t<\/div>\n\t\t\t\t\t<\/div>\n\t\t<\/section>\n\t\t\t\t<section class=\"elementor-section elementor-top-section elementor-element elementor-element-973d3e3 elementor-section-boxed elementor-section-height-default elementor-section-height-default\" data-id=\"973d3e3\" data-element_type=\"section\" data-e-type=\"section\">\n\t\t\t\t\t\t<div class=\"elementor-container elementor-column-gap-default\">\n\t\t\t\t\t<div class=\"elementor-column elementor-col-33 elementor-top-column elementor-element elementor-element-26f45b9 elementor-hidden-mobile\" data-id=\"26f45b9\" data-element_type=\"column\" data-e-type=\"column\">\n\t\t\t<div class=\"elementor-widget-wrap\">\n\t\t\t\t\t\t\t<\/div>\n\t\t<\/div>\n\t\t\t\t<div class=\"elementor-column elementor-col-33 elementor-top-column elementor-element elementor-element-5ceacc1\" data-id=\"5ceacc1\" data-element_type=\"column\" data-e-type=\"column\">\n\t\t\t<div class=\"elementor-widget-wrap elementor-element-populated\">\n\t\t\t\t\t\t<div class=\"elementor-element elementor-element-f92258c elementor-widget elementor-widget-text-editor\" data-id=\"f92258c\" data-element_type=\"widget\" data-e-type=\"widget\" data-widget_type=\"text-editor.default\">\n\t\t\t\t<div class=\"elementor-widget-container\">\n\t\t\t\t\t\t\t\t\t<p>En tant que cabinet de conseil, nous offrons une gamme de programmes et de services de mentorat en ligne con\u00e7us pour aider les individus et les organisations \u00e0 atteindre leurs objectifs et \u00e0 am\u00e9liorer leurs comp\u00e9tences. Voici quelques-uns des programmes et services que nous offrons :<\/p><p>Mentorat num\u00e9rique individuel : Nous offrons des programmes de mentorat num\u00e9rique personnalis\u00e9s en t\u00eate-\u00e0-t\u00eate o\u00f9 nos mentors exp\u00e9riment\u00e9s travaillent \u00e9troitement avec les individus pour fournir des conseils, des commentaires et un soutien dans la r\u00e9alisation de leurs objectifs. Nos mentors aident les individus \u00e0 identifier leurs points forts et leurs faiblesses, \u00e0 fixer des objectifs et \u00e0 \u00e9laborer des plans pour les atteindre.<\/p><p>Mentorat num\u00e9rique en groupe : Nos programmes de mentorat num\u00e9rique en groupe offrent aux individus ayant des objectifs ou des int\u00e9r\u00eats similaires au sein de l&rsquo;organisation l&rsquo;occasion de se r\u00e9unir et d&rsquo;apprendre d&rsquo;un mentor exp\u00e9riment\u00e9, mais aussi les uns des autres. Nos mentors exp\u00e9riment\u00e9s facilitent ces programmes, fournissant des conseils et un soutien tout en encourageant \u00e9galement la collaboration de groupe lorsque cela est possible.<\/p><p>Plateformes d&rsquo;apprentissage en ligne : Nous offrons l&rsquo;acc\u00e8s \u00e0 des plateformes d&rsquo;apprentissage en ligne qui proposent une gamme de cours, de ressources et d&rsquo;outils pour aider les individus \u00e0 d\u00e9velopper leurs comp\u00e9tences et \u00e0 atteindre leurs objectifs. Notre \u00e9quipe peut \u00e9galement aider les individus \u00e0 identifier les meilleurs cours ou ressources pour r\u00e9pondre \u00e0 leurs besoins sp\u00e9cifiques.<\/p><p>\u00c9valuations de comp\u00e9tences : Nous proposons des \u00e9valuations de comp\u00e9tences qui aident les individus \u00e0 identifier leurs points forts et leurs faiblesses dans des domaines sp\u00e9cifiques. Nos \u00e9valuations sont con\u00e7ues pour fournir des informations pr\u00e9cieuses sur le niveau de comp\u00e9tence actuel d&rsquo;un individu, ainsi que des conseils sur la fa\u00e7on de s&rsquo;am\u00e9liorer et d&rsquo;atteindre ses objectifs.<\/p><p>Coaching de carri\u00e8re : Nos services de coaching de carri\u00e8re fournissent des conseils et un soutien aux individus cherchant \u00e0 faire progresser leur carri\u00e8re ou \u00e0 changer de carri\u00e8re. Nos coachs exp\u00e9riment\u00e9s aident les individus \u00e0 identifier leurs comp\u00e9tences et leurs points forts, \u00e0 explorer des chemins de carri\u00e8re potentiels et \u00e0 \u00e9laborer un plan pour atteindre leurs objectifs.<\/p><p>D\u00e9veloppement du leadership : Nous offrons des programmes de d\u00e9veloppement du leadership con\u00e7us pour aider les individus \u00e0 am\u00e9liorer leurs comp\u00e9tences en leadership et \u00e0 r\u00e9ussir dans leur carri\u00e8re. Nos programmes couvrent des sujets tels que la communication, la r\u00e9solution de conflits et la construction d&rsquo;\u00e9quipe, et sont adapt\u00e9s pour r\u00e9pondre aux besoins sp\u00e9cifiques de chaque individu ou organisation.<\/p><p>Dans l&rsquo;ensemble, nos programmes et services de mentorat sont con\u00e7us pour fournir aux individus et aux organisations les conseils et le soutien dont ils ont besoin pour atteindre leurs objectifs, am\u00e9liorer leurs comp\u00e9tences et r\u00e9ussir dans leur carri\u00e8re.<\/p>\t\t\t\t\t\t\t\t<\/div>\n\t\t\t\t<\/div>\n\t\t\t\t\t<\/div>\n\t\t<\/div>\n\t\t\t\t<div class=\"elementor-column elementor-col-33 elementor-top-column elementor-element elementor-element-002cc4f\" data-id=\"002cc4f\" data-element_type=\"column\" data-e-type=\"column\">\n\t\t\t<div class=\"elementor-widget-wrap\">\n\t\t\t\t\t\t\t<\/div>\n\t\t<\/div>\n\t\t\t\t\t<\/div>\n\t\t<\/section>\n\t\t\t\t<section class=\"elementor-section elementor-top-section elementor-element elementor-element-fcbecbd elementor-section-boxed elementor-section-height-default elementor-section-height-default\" data-id=\"fcbecbd\" data-element_type=\"section\" data-e-type=\"section\">\n\t\t\t\t\t\t<div class=\"elementor-container elementor-column-gap-default\">\n\t\t\t\t\t<div class=\"elementor-column elementor-col-100 elementor-top-column elementor-element elementor-element-0c2d86a\" data-id=\"0c2d86a\" data-element_type=\"column\" data-e-type=\"column\">\n\t\t\t<div class=\"elementor-widget-wrap elementor-element-populated\">\n\t\t\t\t\t\t<div class=\"elementor-element elementor-element-4120900 elementor-align-center elementor-widget elementor-widget-button\" data-id=\"4120900\" data-element_type=\"widget\" data-e-type=\"widget\" data-widget_type=\"button.default\">\n\t\t\t\t<div class=\"elementor-widget-container\">\n\t\t\t\t\t\t\t\t\t<div class=\"elementor-button-wrapper\">\n\t\t\t\t\t<a class=\"elementor-button elementor-button-link elementor-size-lg\" href=\"https:\/\/miklr.com\/fr\/proposition-conseil\">\n\t\t\t\t\t\t<span class=\"elementor-button-content-wrapper\">\n\t\t\t\t\t\t\t\t\t<span class=\"elementor-button-text\">D\u00e9marrez d\u00e8s aujourd'hui<\/span>\n\t\t\t\t\t<\/span>\n\t\t\t\t\t<\/a>\n\t\t\t\t<\/div>\n\t\t\t\t\t\t\t\t<\/div>\n\t\t\t\t<\/div>\n\t\t\t\t\t<\/div>\n\t\t<\/div>\n\t\t\t\t\t<\/div>\n\t\t<\/section>\n\t\t\t\t<section class=\"elementor-section elementor-top-section elementor-element elementor-element-7d8a4d6 elementor-section-boxed elementor-section-height-default elementor-section-height-default\" data-id=\"7d8a4d6\" data-element_type=\"section\" data-e-type=\"section\" data-settings=\"{&quot;background_background&quot;:&quot;classic&quot;}\">\n\t\t\t\t\t\t\t<div class=\"elementor-background-overlay\"><\/div>\n\t\t\t\t\t\t\t<div class=\"elementor-container elementor-column-gap-no\">\n\t\t\t\t\t<div class=\"elementor-column elementor-col-100 elementor-top-column elementor-element elementor-element-15587cb\" data-id=\"15587cb\" data-element_type=\"column\" data-e-type=\"column\">\n\t\t\t<div class=\"elementor-widget-wrap elementor-element-populated\">\n\t\t\t\t\t\t<div class=\"elementor-element elementor-element-da20183 elementor-view-framed elementor-shape-circle elementor-widget elementor-widget-icon\" data-id=\"da20183\" data-element_type=\"widget\" data-e-type=\"widget\" data-widget_type=\"icon.default\">\n\t\t\t\t<div class=\"elementor-widget-container\">\n\t\t\t\t\t\t\t<div class=\"elementor-icon-wrapper\">\n\t\t\t<a class=\"elementor-icon\" href=\"#\">\n\t\t\t<i aria-hidden=\"true\" class=\"far fa-handshake\"><\/i>\t\t\t<\/a>\n\t\t<\/div>\n\t\t\t\t\t\t<\/div>\n\t\t\t\t<\/div>\n\t\t\t\t<div class=\"elementor-element elementor-element-3c16a33 elementor-widget elementor-widget-heading\" data-id=\"3c16a33\" data-element_type=\"widget\" data-e-type=\"widget\" data-widget_type=\"heading.default\">\n\t\t\t\t<div class=\"elementor-widget-container\">\n\t\t\t\t\t<h2 class=\"elementor-heading-title elementor-size-default\">Le Partenaire Global de Confiance<\/h2>\t\t\t\t<\/div>\n\t\t\t\t<\/div>\n\t\t\t\t\t<\/div>\n\t\t<\/div>\n\t\t\t\t\t<\/div>\n\t\t<\/section>\n\t\t\t\t<section class=\"elementor-section elementor-top-section elementor-element elementor-element-b9adc1a elementor-section-boxed elementor-section-height-default elementor-section-height-default\" data-id=\"b9adc1a\" data-element_type=\"section\" data-e-type=\"section\">\n\t\t\t\t\t\t<div class=\"elementor-container elementor-column-gap-default\">\n\t\t\t\t\t<div class=\"elementor-column elementor-col-100 elementor-top-column elementor-element elementor-element-fcb2895\" data-id=\"fcb2895\" data-element_type=\"column\" data-e-type=\"column\">\n\t\t\t<div class=\"elementor-widget-wrap elementor-element-populated\">\n\t\t\t\t\t\t<div class=\"elementor-element elementor-element-77588e8 elementor-align-center elementor-widget elementor-widget-button\" data-id=\"77588e8\" data-element_type=\"widget\" data-e-type=\"widget\" data-widget_type=\"button.default\">\n\t\t\t\t<div class=\"elementor-widget-container\">\n\t\t\t\t\t\t\t\t\t<div class=\"elementor-button-wrapper\">\n\t\t\t\t\t<a class=\"elementor-button elementor-button-link elementor-size-lg\" href=\"https:\/\/miklr.com\/fr\/proposition-conseil\">\n\t\t\t\t\t\t<span class=\"elementor-button-content-wrapper\">\n\t\t\t\t\t\t\t\t\t<span class=\"elementor-button-text\">D\u00e9marrez d\u00e8s aujourd'hui<\/span>\n\t\t\t\t\t<\/span>\n\t\t\t\t\t<\/a>\n\t\t\t\t<\/div>\n\t\t\t\t\t\t\t\t<\/div>\n\t\t\t\t<\/div>\n\t\t\t\t\t<\/div>\n\t\t<\/div>\n\t\t\t\t\t<\/div>\n\t\t<\/section>\n\t\t\t\t<\/div>\n\t\t","protected":false},"excerpt":{"rendered":"<p>Coaching et Mentorat D\u00e9marrez d\u00e8s aujourd&rsquo;hui En tant que cabinet de conseil, nous offrons une gamme de programmes et de services de mentorat en ligne con\u00e7us pour aider les individus et les organisations \u00e0 atteindre leurs objectifs et \u00e0 am\u00e9liorer leurs comp\u00e9tences. Voici quelques-uns des programmes et services que nous offrons : Mentorat num\u00e9rique individuel [&hellip;]<\/p>\n","protected":false},"author":1,"featured_media":0,"parent":0,"menu_order":0,"comment_status":"closed","ping_status":"closed","template":"","meta":{"_monsterinsights_skip_tracking":false,"_monsterinsights_sitenote_active":false,"_monsterinsights_sitenote_note":"","_monsterinsights_sitenote_category":0,"site-sidebar-layout":"no-sidebar","site-content-layout":"page-builder","ast-site-content-layout":"default","site-content-style":"default","site-sidebar-style":"default","ast-global-header-display":"","ast-banner-title-visibility":"","ast-main-header-display":"","ast-hfb-above-header-display":"","ast-hfb-below-header-display":"","ast-hfb-mobile-header-display":"","site-post-title":"disabled","ast-breadcrumbs-content":"","ast-featured-img":"disabled","footer-sml-layout":"","ast-disable-related-posts":"","theme-transparent-header-meta":"enabled","adv-header-id-meta":"","stick-header-meta":"","header-above-stick-meta":"","header-main-stick-meta":"","header-below-stick-meta":"","astra-migrate-meta-layouts":"default","ast-page-background-enabled":"default","ast-page-background-meta":{"desktop":{"background-color":"","background-image":"","background-repeat":"repeat","background-position":"center center","background-size":"auto","background-attachment":"scroll","background-type":"","background-media":"","overlay-type":"","overlay-color":"","overlay-opacity":"","overlay-gradient":""},"tablet":{"background-color":"","background-image":"","background-repeat":"repeat","background-position":"center center","background-size":"auto","background-attachment":"scroll","background-type":"","background-media":"","overlay-type":"","overlay-color":"","overlay-opacity":"","overlay-gradient":""},"mobile":{"background-color":"","background-image":"","background-repeat":"repeat","background-position":"center center","background-size":"auto","background-attachment":"scroll","background-type":"","background-media":"","overlay-type":"","overlay-color":"","overlay-opacity":"","overlay-gradient":""}},"ast-content-background-meta":{"desktop":{"background-color":"var(--ast-global-color-5)","background-image":"","background-repeat":"repeat","background-position":"center center","background-size":"auto","background-attachment":"scroll","background-type":"","background-media":"","overlay-type":"","overlay-color":"","overlay-opacity":"","overlay-gradient":""},"tablet":{"background-color":"var(--ast-global-color-5)","background-image":"","background-repeat":"repeat","background-position":"center center","background-size":"auto","background-attachment":"scroll","background-type":"","background-media":"","overlay-type":"","overlay-color":"","overlay-opacity":"","overlay-gradient":""},"mobile":{"background-color":"var(--ast-global-color-5)","background-image":"","background-repeat":"repeat","background-position":"center center","background-size":"auto","background-attachment":"scroll","background-type":"","background-media":"","overlay-type":"","overlay-color":"","overlay-opacity":"","overlay-gradient":""}},"footnotes":""},"class_list":["post-5295","page","type-page","status-publish","hentry"],"_links":{"self":[{"href":"https:\/\/miklr.com\/fr\/wp-json\/wp\/v2\/pages\/5295","targetHints":{"allow":["GET"]}}],"collection":[{"href":"https:\/\/miklr.com\/fr\/wp-json\/wp\/v2\/pages"}],"about":[{"href":"https:\/\/miklr.com\/fr\/wp-json\/wp\/v2\/types\/page"}],"author":[{"embeddable":true,"href":"https:\/\/miklr.com\/fr\/wp-json\/wp\/v2\/users\/1"}],"replies":[{"embeddable":true,"href":"https:\/\/miklr.com\/fr\/wp-json\/wp\/v2\/comments?post=5295"}],"version-history":[{"count":7,"href":"https:\/\/miklr.com\/fr\/wp-json\/wp\/v2\/pages\/5295\/revisions"}],"predecessor-version":[{"id":5628,"href":"https:\/\/miklr.com\/fr\/wp-json\/wp\/v2\/pages\/5295\/revisions\/5628"}],"wp:attachment":[{"href":"https:\/\/miklr.com\/fr\/wp-json\/wp\/v2\/media?parent=5295"}],"curies":[{"name":"wp","href":"https:\/\/api.w.org\/{rel}","templated":true}]}}