{"id":5282,"date":"2023-03-24T12:48:28","date_gmt":"2023-03-24T12:48:28","guid":{"rendered":"https:\/\/miklr.com\/fr\/?page_id=5282"},"modified":"2023-04-26T21:29:10","modified_gmt":"2023-04-26T21:29:10","slug":"marketing-et-vente","status":"publish","type":"page","link":"https:\/\/miklr.com\/fr\/marketing-et-vente\/","title":{"rendered":"Marketing et Vente"},"content":{"rendered":"\t\t<div data-elementor-type=\"wp-page\" data-elementor-id=\"5282\" class=\"elementor elementor-5282\">\n\t\t\t\t\t\t<section class=\"elementor-section elementor-top-section elementor-element elementor-element-673a8dc elementor-section-content-bottom elementor-section-full_width elementor-section-height-min-height elementor-section-height-default elementor-section-items-middle\" data-id=\"673a8dc\" data-element_type=\"section\" data-e-type=\"section\" data-settings=\"{&quot;background_background&quot;:&quot;classic&quot;}\">\n\t\t\t\t\t\t\t<div class=\"elementor-background-overlay\"><\/div>\n\t\t\t\t\t\t\t<div class=\"elementor-container elementor-column-gap-no\">\n\t\t\t\t\t<div class=\"elementor-column elementor-col-50 elementor-top-column elementor-element elementor-element-0c9ec3f\" data-id=\"0c9ec3f\" data-element_type=\"column\" data-e-type=\"column\">\n\t\t\t<div class=\"elementor-widget-wrap elementor-element-populated\">\n\t\t\t\t\t\t<div class=\"elementor-element elementor-element-c7a105a elementor-widget elementor-widget-heading\" data-id=\"c7a105a\" data-element_type=\"widget\" data-e-type=\"widget\" data-widget_type=\"heading.default\">\n\t\t\t\t<div class=\"elementor-widget-container\">\n\t\t\t\t\t<h2 class=\"elementor-heading-title elementor-size-large\">Marketing et Vente<\/h2>\t\t\t\t<\/div>\n\t\t\t\t<\/div>\n\t\t\t\t<div class=\"elementor-element elementor-element-e5946ab elementor-align-center elementor-widget elementor-widget-button\" data-id=\"e5946ab\" data-element_type=\"widget\" data-e-type=\"widget\" data-widget_type=\"button.default\">\n\t\t\t\t<div class=\"elementor-widget-container\">\n\t\t\t\t\t\t\t\t\t<div class=\"elementor-button-wrapper\">\n\t\t\t\t\t<a class=\"elementor-button elementor-button-link elementor-size-lg\" href=\"https:\/\/miklr.com\/fr\/proposition-marketing-gratuite\">\n\t\t\t\t\t\t<span class=\"elementor-button-content-wrapper\">\n\t\t\t\t\t\t\t\t\t<span class=\"elementor-button-text\">D\u00e9marrez d\u00e8s aujourd'hui<\/span>\n\t\t\t\t\t<\/span>\n\t\t\t\t\t<\/a>\n\t\t\t\t<\/div>\n\t\t\t\t\t\t\t\t<\/div>\n\t\t\t\t<\/div>\n\t\t\t\t\t<\/div>\n\t\t<\/div>\n\t\t\t\t<div class=\"elementor-column elementor-col-50 elementor-top-column elementor-element elementor-element-b89852c elementor-hidden-mobile\" data-id=\"b89852c\" data-element_type=\"column\" data-e-type=\"column\">\n\t\t\t<div class=\"elementor-widget-wrap\">\n\t\t\t\t\t\t\t<\/div>\n\t\t<\/div>\n\t\t\t\t\t<\/div>\n\t\t<\/section>\n\t\t\t\t<section class=\"elementor-section elementor-top-section elementor-element elementor-element-973d3e3 elementor-section-boxed elementor-section-height-default elementor-section-height-default\" data-id=\"973d3e3\" data-element_type=\"section\" data-e-type=\"section\">\n\t\t\t\t\t\t<div class=\"elementor-container elementor-column-gap-default\">\n\t\t\t\t\t<div class=\"elementor-column elementor-col-33 elementor-top-column elementor-element elementor-element-26f45b9 elementor-hidden-mobile\" data-id=\"26f45b9\" data-element_type=\"column\" data-e-type=\"column\">\n\t\t\t<div class=\"elementor-widget-wrap\">\n\t\t\t\t\t\t\t<\/div>\n\t\t<\/div>\n\t\t\t\t<div class=\"elementor-column elementor-col-33 elementor-top-column elementor-element elementor-element-5ceacc1\" data-id=\"5ceacc1\" data-element_type=\"column\" data-e-type=\"column\">\n\t\t\t<div class=\"elementor-widget-wrap elementor-element-populated\">\n\t\t\t\t\t\t<div class=\"elementor-element elementor-element-f92258c elementor-widget elementor-widget-text-editor\" data-id=\"f92258c\" data-element_type=\"widget\" data-e-type=\"widget\" data-widget_type=\"text-editor.default\">\n\t\t\t\t<div class=\"elementor-widget-container\">\n\t\t\t\t\t\t\t\t\t<p>Miklr est d\u00e9di\u00e9 \u00e0 aider votre organisation \u00e0 atteindre ses objectifs de vente et de marketing en fournissant des conseils, des orientations et un soutien strat\u00e9giques. Dans l&rsquo;environnement commercial comp\u00e9titif d&rsquo;aujourd&rsquo;hui, il est plus important que jamais d&rsquo;avoir une strat\u00e9gie de marketing et de vente solide qui vous distingue de la concurrence.<\/p><p>Notre \u00e9quipe d&rsquo;experts est bien vers\u00e9e dans les derni\u00e8res tendances et techniques de marketing, et nous travaillons avec vous pour d\u00e9velopper une strat\u00e9gie de marketing compl\u00e8te qui vous aide \u00e0 atteindre votre public cible et \u00e0 g\u00e9n\u00e9rer des leads. De la cr\u00e9ation de marque et de la messagerie au marketing num\u00e9rique et aux m\u00e9dias sociaux, nous vous aidons \u00e0 \u00e9laborer un plan qui maximise votre budget de marketing et qui donne des r\u00e9sultats. Notre expertise en marketing num\u00e9rique et en vente est une force cl\u00e9, et nous sommes fiers de rester au courant des derni\u00e8res tendances et techniques pour aider nos clients \u00e0 r\u00e9ussir.<\/p><p>Nous adoptons une approche ax\u00e9e sur les donn\u00e9es pour le marketing, en analysant votre march\u00e9, vos concurrents et le comportement de vos clients pour identifier les tactiques les plus efficaces pour votre organisation. Nous vous aidons \u00e0 construire une marque et un message solides qui r\u00e9sonnent aupr\u00e8s de votre public cible et vous positionnent comme un leader dans votre secteur.<\/p><p>Les ventes sont le moteur de toute organisation prosp\u00e8re. Nous travaillons avec vous pour \u00e9laborer une strat\u00e9gie de vente qui est align\u00e9e avec vos objectifs de marketing et qui vous aide \u00e0 conclure plus de transactions. Notre approche est ax\u00e9e sur le d\u00e9veloppement de relations solides avec vos clients et prospects, en \u00e9tablissant une confiance et un rapport, et en fournissant de la valeur \u00e0 chaque \u00e9tape du processus de vente. Notre r\u00e9seau international et notre \u00e9quipe sont \u00e9galement des atouts cl\u00e9s, nous permettant d&rsquo;aider nos clients \u00e0 \u00e9tendre leur entreprise sur de nouveaux march\u00e9s et \u00e0 r\u00e9ussir \u00e0 l&rsquo;\u00e9chelle mondiale.<\/p><p>Nous vous aidons \u00e0 d\u00e9velopper un pipeline de vente qui est scalable, mesurable et adaptable aux conditions du march\u00e9 changeantes. Notre \u00e9quipe d&rsquo;experts peut vous aider \u00e0 identifier les bonnes mesures de vente et les KPI pour suivre vos progr\u00e8s et prendre des d\u00e9cisions bas\u00e9es sur les donn\u00e9es qui stimulent la croissance.<\/p><p>Miklr est d\u00e9di\u00e9 \u00e0 aider votre organisation \u00e0 d\u00e9velopper une strat\u00e9gie compl\u00e8te de marketing et de vente qui donne des r\u00e9sultats, avec une expertise particuli\u00e8re en marketing num\u00e9rique et en vente. Avec notre r\u00e9seau international, nous pouvons vous aider \u00e0 \u00e9tendre votre entreprise sur de nouveaux march\u00e9s et r\u00e9ussir \u00e0 l&rsquo;\u00e9chelle mondiale. Contactez-nous d\u00e8s aujourd&rsquo;hui pour en savoir plus sur nos services et sur la fa\u00e7on dont nous pouvons aider votre entreprise \u00e0 r\u00e9ussir !<\/p>\t\t\t\t\t\t\t\t<\/div>\n\t\t\t\t<\/div>\n\t\t\t\t\t<\/div>\n\t\t<\/div>\n\t\t\t\t<div class=\"elementor-column elementor-col-33 elementor-top-column elementor-element elementor-element-002cc4f\" data-id=\"002cc4f\" data-element_type=\"column\" data-e-type=\"column\">\n\t\t\t<div class=\"elementor-widget-wrap\">\n\t\t\t\t\t\t\t<\/div>\n\t\t<\/div>\n\t\t\t\t\t<\/div>\n\t\t<\/section>\n\t\t\t\t<section class=\"elementor-section elementor-top-section elementor-element elementor-element-fcbecbd elementor-section-boxed elementor-section-height-default elementor-section-height-default\" data-id=\"fcbecbd\" data-element_type=\"section\" data-e-type=\"section\">\n\t\t\t\t\t\t<div class=\"elementor-container elementor-column-gap-default\">\n\t\t\t\t\t<div class=\"elementor-column elementor-col-100 elementor-top-column elementor-element elementor-element-0c2d86a\" data-id=\"0c2d86a\" data-element_type=\"column\" data-e-type=\"column\">\n\t\t\t<div class=\"elementor-widget-wrap elementor-element-populated\">\n\t\t\t\t\t\t<div class=\"elementor-element elementor-element-4120900 elementor-align-center elementor-widget elementor-widget-button\" data-id=\"4120900\" data-element_type=\"widget\" data-e-type=\"widget\" data-widget_type=\"button.default\">\n\t\t\t\t<div class=\"elementor-widget-container\">\n\t\t\t\t\t\t\t\t\t<div class=\"elementor-button-wrapper\">\n\t\t\t\t\t<a class=\"elementor-button elementor-button-link elementor-size-lg\" href=\"https:\/\/miklr.com\/fr\/proposition-marketing-gratuite\">\n\t\t\t\t\t\t<span class=\"elementor-button-content-wrapper\">\n\t\t\t\t\t\t\t\t\t<span class=\"elementor-button-text\">D\u00e9marrez d\u00e8s aujourd'hui<\/span>\n\t\t\t\t\t<\/span>\n\t\t\t\t\t<\/a>\n\t\t\t\t<\/div>\n\t\t\t\t\t\t\t\t<\/div>\n\t\t\t\t<\/div>\n\t\t\t\t\t<\/div>\n\t\t<\/div>\n\t\t\t\t\t<\/div>\n\t\t<\/section>\n\t\t\t\t<section class=\"elementor-section elementor-top-section elementor-element elementor-element-7d8a4d6 elementor-section-boxed elementor-section-height-default elementor-section-height-default\" data-id=\"7d8a4d6\" data-element_type=\"section\" data-e-type=\"section\" data-settings=\"{&quot;background_background&quot;:&quot;classic&quot;}\">\n\t\t\t\t\t\t\t<div class=\"elementor-background-overlay\"><\/div>\n\t\t\t\t\t\t\t<div class=\"elementor-container elementor-column-gap-no\">\n\t\t\t\t\t<div class=\"elementor-column elementor-col-100 elementor-top-column elementor-element elementor-element-15587cb\" data-id=\"15587cb\" data-element_type=\"column\" data-e-type=\"column\">\n\t\t\t<div class=\"elementor-widget-wrap elementor-element-populated\">\n\t\t\t\t\t\t<div class=\"elementor-element elementor-element-da20183 elementor-view-framed elementor-shape-circle elementor-widget elementor-widget-icon\" data-id=\"da20183\" data-element_type=\"widget\" data-e-type=\"widget\" data-widget_type=\"icon.default\">\n\t\t\t\t<div class=\"elementor-widget-container\">\n\t\t\t\t\t\t\t<div class=\"elementor-icon-wrapper\">\n\t\t\t<a class=\"elementor-icon\" href=\"#\">\n\t\t\t<i aria-hidden=\"true\" class=\"far fa-handshake\"><\/i>\t\t\t<\/a>\n\t\t<\/div>\n\t\t\t\t\t\t<\/div>\n\t\t\t\t<\/div>\n\t\t\t\t<div class=\"elementor-element elementor-element-3c16a33 elementor-widget elementor-widget-heading\" data-id=\"3c16a33\" data-element_type=\"widget\" data-e-type=\"widget\" data-widget_type=\"heading.default\">\n\t\t\t\t<div class=\"elementor-widget-container\">\n\t\t\t\t\t<h2 class=\"elementor-heading-title elementor-size-default\">Le Partenaire Global de Confiance<\/h2>\t\t\t\t<\/div>\n\t\t\t\t<\/div>\n\t\t\t\t\t<\/div>\n\t\t<\/div>\n\t\t\t\t\t<\/div>\n\t\t<\/section>\n\t\t\t\t<section class=\"elementor-section elementor-top-section elementor-element elementor-element-b9adc1a elementor-section-boxed elementor-section-height-default elementor-section-height-default\" data-id=\"b9adc1a\" data-element_type=\"section\" data-e-type=\"section\">\n\t\t\t\t\t\t<div class=\"elementor-container elementor-column-gap-default\">\n\t\t\t\t\t<div class=\"elementor-column elementor-col-100 elementor-top-column elementor-element elementor-element-fcb2895\" data-id=\"fcb2895\" data-element_type=\"column\" data-e-type=\"column\">\n\t\t\t<div class=\"elementor-widget-wrap elementor-element-populated\">\n\t\t\t\t\t\t<div class=\"elementor-element elementor-element-77588e8 elementor-align-center elementor-widget elementor-widget-button\" data-id=\"77588e8\" data-element_type=\"widget\" data-e-type=\"widget\" data-widget_type=\"button.default\">\n\t\t\t\t<div class=\"elementor-widget-container\">\n\t\t\t\t\t\t\t\t\t<div class=\"elementor-button-wrapper\">\n\t\t\t\t\t<a class=\"elementor-button elementor-button-link elementor-size-lg\" href=\"https:\/\/miklr.com\/fr\/proposition-marketing-gratuite\">\n\t\t\t\t\t\t<span class=\"elementor-button-content-wrapper\">\n\t\t\t\t\t\t\t\t\t<span class=\"elementor-button-text\">D\u00e9marrez d\u00e8s aujourd'hui<\/span>\n\t\t\t\t\t<\/span>\n\t\t\t\t\t<\/a>\n\t\t\t\t<\/div>\n\t\t\t\t\t\t\t\t<\/div>\n\t\t\t\t<\/div>\n\t\t\t\t\t<\/div>\n\t\t<\/div>\n\t\t\t\t\t<\/div>\n\t\t<\/section>\n\t\t\t\t<\/div>\n\t\t","protected":false},"excerpt":{"rendered":"<p>Marketing et Vente D\u00e9marrez d\u00e8s aujourd&rsquo;hui Miklr est d\u00e9di\u00e9 \u00e0 aider votre organisation \u00e0 atteindre ses objectifs de vente et de marketing en fournissant des conseils, des orientations et un soutien strat\u00e9giques. Dans l&rsquo;environnement commercial comp\u00e9titif d&rsquo;aujourd&rsquo;hui, il est plus important que jamais d&rsquo;avoir une strat\u00e9gie de marketing et de vente solide qui vous distingue [&hellip;]<\/p>\n","protected":false},"author":1,"featured_media":0,"parent":0,"menu_order":0,"comment_status":"closed","ping_status":"closed","template":"","meta":{"_monsterinsights_skip_tracking":false,"_monsterinsights_sitenote_active":false,"_monsterinsights_sitenote_note":"","_monsterinsights_sitenote_category":0,"site-sidebar-layout":"no-sidebar","site-content-layout":"page-builder","ast-site-content-layout":"default","site-content-style":"default","site-sidebar-style":"default","ast-global-header-display":"","ast-banner-title-visibility":"","ast-main-header-display":"","ast-hfb-above-header-display":"","ast-hfb-below-header-display":"","ast-hfb-mobile-header-display":"","site-post-title":"disabled","ast-breadcrumbs-content":"","ast-featured-img":"disabled","footer-sml-layout":"","ast-disable-related-posts":"","theme-transparent-header-meta":"enabled","adv-header-id-meta":"","stick-header-meta":"","header-above-stick-meta":"","header-main-stick-meta":"","header-below-stick-meta":"","astra-migrate-meta-layouts":"default","ast-page-background-enabled":"default","ast-page-background-meta":{"desktop":{"background-color":"","background-image":"","background-repeat":"repeat","background-position":"center center","background-size":"auto","background-attachment":"scroll","background-type":"","background-media":"","overlay-type":"","overlay-color":"","overlay-opacity":"","overlay-gradient":""},"tablet":{"background-color":"","background-image":"","background-repeat":"repeat","background-position":"center center","background-size":"auto","background-attachment":"scroll","background-type":"","background-media":"","overlay-type":"","overlay-color":"","overlay-opacity":"","overlay-gradient":""},"mobile":{"background-color":"","background-image":"","background-repeat":"repeat","background-position":"center center","background-size":"auto","background-attachment":"scroll","background-type":"","background-media":"","overlay-type":"","overlay-color":"","overlay-opacity":"","overlay-gradient":""}},"ast-content-background-meta":{"desktop":{"background-color":"var(--ast-global-color-5)","background-image":"","background-repeat":"repeat","background-position":"center center","background-size":"auto","background-attachment":"scroll","background-type":"","background-media":"","overlay-type":"","overlay-color":"","overlay-opacity":"","overlay-gradient":""},"tablet":{"background-color":"var(--ast-global-color-5)","background-image":"","background-repeat":"repeat","background-position":"center center","background-size":"auto","background-attachment":"scroll","background-type":"","background-media":"","overlay-type":"","overlay-color":"","overlay-opacity":"","overlay-gradient":""},"mobile":{"background-color":"var(--ast-global-color-5)","background-image":"","background-repeat":"repeat","background-position":"center center","background-size":"auto","background-attachment":"scroll","background-type":"","background-media":"","overlay-type":"","overlay-color":"","overlay-opacity":"","overlay-gradient":""}},"footnotes":""},"class_list":["post-5282","page","type-page","status-publish","hentry"],"_links":{"self":[{"href":"https:\/\/miklr.com\/fr\/wp-json\/wp\/v2\/pages\/5282","targetHints":{"allow":["GET"]}}],"collection":[{"href":"https:\/\/miklr.com\/fr\/wp-json\/wp\/v2\/pages"}],"about":[{"href":"https:\/\/miklr.com\/fr\/wp-json\/wp\/v2\/types\/page"}],"author":[{"embeddable":true,"href":"https:\/\/miklr.com\/fr\/wp-json\/wp\/v2\/users\/1"}],"replies":[{"embeddable":true,"href":"https:\/\/miklr.com\/fr\/wp-json\/wp\/v2\/comments?post=5282"}],"version-history":[{"count":10,"href":"https:\/\/miklr.com\/fr\/wp-json\/wp\/v2\/pages\/5282\/revisions"}],"predecessor-version":[{"id":5625,"href":"https:\/\/miklr.com\/fr\/wp-json\/wp\/v2\/pages\/5282\/revisions\/5625"}],"wp:attachment":[{"href":"https:\/\/miklr.com\/fr\/wp-json\/wp\/v2\/media?parent=5282"}],"curies":[{"name":"wp","href":"https:\/\/api.w.org\/{rel}","templated":true}]}}