{"id":3,"date":"2022-09-12T14:44:51","date_gmt":"2022-09-12T14:44:51","guid":{"rendered":"https:\/\/miklr.com\/fr\/?page_id=3"},"modified":"2023-05-09T00:24:08","modified_gmt":"2023-05-09T00:24:08","slug":"politique-confidentialite","status":"publish","type":"page","link":"https:\/\/miklr.com\/fr\/politique-confidentialite\/","title":{"rendered":"Politique de confidentialit\u00e9"},"content":{"rendered":"\t\t<div data-elementor-type=\"wp-page\" data-elementor-id=\"3\" class=\"elementor elementor-3\">\n\t\t\t\t\t\t<section class=\"elementor-section elementor-top-section elementor-element elementor-element-51c59129 elementor-section-boxed elementor-section-height-default elementor-section-height-default\" data-id=\"51c59129\" data-element_type=\"section\" data-e-type=\"section\">\n\t\t\t\t\t\t<div class=\"elementor-container elementor-column-gap-default\">\n\t\t\t\t\t<div class=\"elementor-column elementor-col-100 elementor-top-column elementor-element elementor-element-6c0c3404\" data-id=\"6c0c3404\" data-element_type=\"column\" data-e-type=\"column\">\n\t\t\t<div class=\"elementor-widget-wrap elementor-element-populated\">\n\t\t\t\t\t\t<div class=\"elementor-element elementor-element-629f1030 elementor-widget elementor-widget-text-editor\" data-id=\"629f1030\" data-element_type=\"widget\" data-e-type=\"widget\" data-widget_type=\"text-editor.default\">\n\t\t\t\t<div class=\"elementor-widget-container\">\n\t\t\t\t\t\t\t\t\t<p>miklr.com est un site Web et une marque de FCC International. Cette politique de confidentialit\u00e9 explique comment notre organisation utilise les donn\u00e9es personnelles que nous recueillons aupr\u00e8s de vous lorsque vous utilisez notre site Web.<\/p>\n<p>Quelles donn\u00e9es collectons-nous ?<br>Comment collectons-nous vos donn\u00e9es ?<br>Comment allons-nous utiliser vos donn\u00e9es&nbsp;?<br>Comment stockons-nous vos donn\u00e9es ?<br>Commercialisation<br>Quels sont vos droits en mati\u00e8re de protection des donn\u00e9es&nbsp;?<br>Que sont les cookies ?<br>Comment utilisons-nous les cookies ?<br>Quels types de cookies utilisons-nous ?<br>Comment g\u00e9rer vos cookies<br>Politiques de confidentialit\u00e9 des autres sites Web<br>Modifications de notre politique de confidentialit\u00e9<br>Comment nous contacter<br>Comment contacter les autorit\u00e9s comp\u00e9tentes<br>Quelles donn\u00e9es collectons-nous ?<br>Miklr collecte les donn\u00e9es suivantes :<\/p>\n<p>Visiteur du site (A) : adresse IP, logs des pages visit\u00e9es<br>Inscription de prospect (B)&nbsp;: (A) + nom, pr\u00e9nom, num\u00e9ro de t\u00e9l\u00e9phone, adresse e-mail, informations concernant vos objectifs commerciaux et marketing<br>Inscription prestataire (C) : (A) + nom, pr\u00e9nom, num\u00e9ro de t\u00e9l\u00e9phone, adresse email, CV, justificatif d&rsquo;identit\u00e9, RIB<br>Employ\u00e9 : (C) + toute information n\u00e9cessaire pour des raisons l\u00e9gales<br>Comment collectons-nous vos donn\u00e9es ?<br>Vous fournissez directement \u00e0 Miklr la plupart des donn\u00e9es que nous collectons. Nous collectons et traitons des donn\u00e9es lorsque vous :<\/p>\n<p>Postulez volontairement \u00e0 partir de notre site Web ou remplissez un formulaire client via Google Forms<br>fournir des commentaires sur les pages de m\u00e9dias sociaux ou par e-mail.<br>Utilisez ou consultez notre site Web via les cookies de votre navigateur.<br>De temps en temps, Miklr peut \u00e9galement recevoir vos donn\u00e9es indirectement de soci\u00e9t\u00e9s tierces sp\u00e9cialis\u00e9es dans la recherche marketing<\/p>\n<p>Comment allons-nous utiliser vos donn\u00e9es&nbsp;?<br>Miklr collecte vos donn\u00e9es afin que nous puissions :<\/p>\n<p>Traitez votre commande, g\u00e9rez votre compte.<br>Vous envoyer un e-mail avec des offres sp\u00e9ciales sur d&rsquo;autres produits et services que nous pensons susceptibles d&rsquo;\u00eatre b\u00e9n\u00e9fiques pour votre entreprise<br>Si vous \u00eates d&rsquo;accord, Miklr partagera vos donn\u00e9es avec nos soci\u00e9t\u00e9s partenaires afin qu&rsquo;elles puissent vous proposer leurs produits et services.<\/p>\n<p>Comment stockons-nous vos donn\u00e9es ?<br>Miklr stocke vos donn\u00e9es en toute s\u00e9curit\u00e9 dans Google Cloud avec des donn\u00e9es chiffr\u00e9es en transit et au repos.<\/p>\n<p>Miklr conservera vos donn\u00e9es pendant la p\u00e9riode o\u00f9 vous \u00eates client de Miklr ou client potentiel pendant 6 mois. Une fois ce d\u00e9lai expir\u00e9, nous supprimerons vos donn\u00e9es en les supprimant de notre CRM et de nos bases de donn\u00e9es conformes au RGPD.<\/p>\n<p>Commercialisation<br>Miklr aimerait vous envoyer des informations sur nos produits et services que nous pensons susceptibles de vous plaire.<\/p>\n<p>Si vous avez accept\u00e9 de recevoir du marketing, vous pouvez toujours vous d\u00e9sinscrire \u00e0 une date ult\u00e9rieure. Vous avez le droit \u00e0 tout moment d&#8217;emp\u00eacher Miklr de vous contacter \u00e0 des fins de marketing ou de donner vos donn\u00e9es \u00e0 d&rsquo;autres membres de FCC International Group. Si vous ne souhaitez plus \u00eatre contact\u00e9 \u00e0 des fins de marketing, merci de nous contacter \u00e0 info@miklr.com<\/p>\n<p>Quels sont vos droits en mati\u00e8re de protection des donn\u00e9es&nbsp;?<br>Miklr souhaite s&rsquo;assurer que vous \u00eates pleinement conscient de tous vos droits en mati\u00e8re de protection des donn\u00e9es.<br>Chaque utilisateur a droit \u00e0 ce qui suit&nbsp;:<\/p>\n<p>Le droit d&rsquo;acc\u00e8s &#8211; Vous avez le droit de demander \u00e0 Miklr des copies de vos donn\u00e9es personnelles. Nous pouvons vous facturer une somme modique pour ce service.<br>Le droit de rectification \u2013 Vous avez le droit de demander \u00e0 Miklr de corriger toute information que vous jugez inexacte. Vous avez \u00e9galement le droit de demander \u00e0 Miklr de compl\u00e9ter les informations que vous jugez incompl\u00e8tes.<\/p>\n<p>Le droit \u00e0 l&rsquo;effacement \u2014 Vous avez le droit de demander \u00e0 Miklr d&rsquo;effacer vos donn\u00e9es personnelles, sous certaines conditions.<\/p>\n<p>Le droit de restreindre le traitement \u2013 Vous avez le droit de demander \u00e0 Miklr de restreindre le traitement de vos donn\u00e9es personnelles, sous certaines conditions.<\/p>\n<p>Le droit de vous opposer au traitement \u2013 Vous avez le droit de vous opposer au traitement de vos donn\u00e9es personnelles par Miklr, sous certaines conditions.<\/p>\n<p>Le droit \u00e0 la portabilit\u00e9 des donn\u00e9es \u2013 Vous avez le droit de demander \u00e0 Miklr de transf\u00e9rer les donn\u00e9es que nous avons collect\u00e9es \u00e0 une autre organisation, ou directement \u00e0 vous, sous certaines conditions.<\/p>\n<p>Si vous faites une demande, nous avons un mois pour vous r\u00e9pondre. Si vous souhaitez exercer l&rsquo;un de ces droits, veuillez nous contacter \u00e0 notre email : info@miklr.com<\/p>\n<p>Que sont les cookies ?<\/p>\n<p>Les cookies sont des fichiers texte plac\u00e9s sur votre ordinateur pour collecter des informations de connexion Internet standard et des informations sur le comportement des visiteurs. Lorsque vous visitez nos sites Web, nous pouvons collecter automatiquement des informations aupr\u00e8s de vous via des cookies ou une technologie similaire.<\/p>\n<p>Pour plus d&rsquo;informations, visitez allaboutcookies.org.<\/p>\n<p>Comment utilisons-nous les cookies ?<\/p>\n<p>Miklr utilise des cookies de diff\u00e9rentes mani\u00e8res pour am\u00e9liorer votre exp\u00e9rience sur notre site Web,<\/p>\n<p>y compris:<\/p>\n<p>Rester connect\u00e9<br>Comprendre comment vous utilisez notre site Web<br>Quels types de cookies utilisons-nous ?<br>Il existe diff\u00e9rents types de cookies, cependant, notre site Web utilise :<\/p>\n<p>Fonctionnalit\u00e9 \u2014 Miklr utilise ces cookies afin que nous vous reconnaissions sur notre site Web et que nous nous souvenions de vos pr\u00e9f\u00e9rences pr\u00e9c\u00e9demment s\u00e9lectionn\u00e9es. Ceux-ci peuvent inclure la langue que vous pr\u00e9f\u00e9rez et l&rsquo;endroit o\u00f9 vous vous trouvez. Un m\u00e9lange de cookies propri\u00e9taires et tiers est utilis\u00e9.<br>Publicit\u00e9 &#8211; Miklr utilise ces cookies pour collecter des informations sur votre visite sur notre site Web, le contenu que vous avez consult\u00e9, les liens que vous avez suivis et des informations sur votre navigateur, votre appareil et votre adresse IP. Miklr partage parfois certains aspects limit\u00e9s de ces donn\u00e9es avec des tiers \u00e0 des fins publicitaires. Nous pouvons \u00e9galement partager des donn\u00e9es en ligne collect\u00e9es via des cookies avec nos partenaires publicitaires. Cela signifie que lorsque vous visitez un autre site Web, des publicit\u00e9s peuvent vous \u00eatre pr\u00e9sent\u00e9es en fonction de vos habitudes de navigation sur notre site Web.<br>Comment g\u00e9rer les cookies<\/p>\n<p>Vous pouvez configurer votre navigateur pour qu&rsquo;il n&rsquo;accepte pas les cookies, et le site Web ci-dessus vous indique comment supprimer les cookies de votre navigateur. Cependant, dans quelques cas, certaines des fonctionnalit\u00e9s de notre site Web peuvent ne pas fonctionner en cons\u00e9quence.<\/p>\n<p>Politiques de confidentialit\u00e9 des autres sites Web<\/p>\n<p>Le site miklr.com\/fr contient des liens vers d&rsquo;autres sites. Notre politique de confidentialit\u00e9 s&rsquo;applique uniquement \u00e0 notre site Web, donc si vous cliquez sur un lien vers un autre site Web, vous devriez lire leur politique de confidentialit\u00e9.<\/p>\n<p>Modifications de notre politique de confidentialit\u00e9<\/p>\n<p>Miklr r\u00e9vise r\u00e9guli\u00e8rement sa politique de confidentialit\u00e9 et place toutes les mises \u00e0 jour sur cette page Web. Cette politique de confidentialit\u00e9 a \u00e9t\u00e9 mise \u00e0 jour pour la derni\u00e8re fois le 10 septembre 2022.<\/p>\n<p>Comment nous contacter<\/p>\n<p>Si vous avez des questions sur la politique de confidentialit\u00e9 de Miklr, les donn\u00e9es que nous d\u00e9tenons sur vous ou si vous souhaitez exercer l&rsquo;un de vos droits en mati\u00e8re de protection des donn\u00e9es, n&rsquo;h\u00e9sitez pas \u00e0 nous contacter.<\/p>\n<p>\u00c9crivez-nous \u00e0 : info @ miklr.com<\/p>\t\t\t\t\t\t\t\t<\/div>\n\t\t\t\t<\/div>\n\t\t\t\t\t<\/div>\n\t\t<\/div>\n\t\t\t\t\t<\/div>\n\t\t<\/section>\n\t\t\t\t<\/div>\n\t\t","protected":false},"excerpt":{"rendered":"<p>miklr.com est un site Web et une marque de FCC International. Cette politique de confidentialit\u00e9 explique comment notre organisation utilise les donn\u00e9es personnelles que nous recueillons aupr\u00e8s de vous lorsque vous utilisez notre site Web. Quelles donn\u00e9es collectons-nous ?Comment collectons-nous vos donn\u00e9es ?Comment allons-nous utiliser vos donn\u00e9es&nbsp;?Comment stockons-nous vos donn\u00e9es ?CommercialisationQuels sont vos droits en [&hellip;]<\/p>\n","protected":false},"author":1,"featured_media":0,"parent":0,"menu_order":0,"comment_status":"closed","ping_status":"closed","template":"","meta":{"_monsterinsights_skip_tracking":false,"_monsterinsights_sitenote_active":false,"_monsterinsights_sitenote_note":"","_monsterinsights_sitenote_category":0,"site-sidebar-layout":"default","site-content-layout":"default","ast-site-content-layout":"default","site-content-style":"default","site-sidebar-style":"default","ast-global-header-display":"","ast-banner-title-visibility":"","ast-main-header-display":"","ast-hfb-above-header-display":"","ast-hfb-below-header-display":"","ast-hfb-mobile-header-display":"","site-post-title":"","ast-breadcrumbs-content":"","ast-featured-img":"","footer-sml-layout":"","ast-disable-related-posts":"","theme-transparent-header-meta":"disabled","adv-header-id-meta":"","stick-header-meta":"","header-above-stick-meta":"","header-main-stick-meta":"","header-below-stick-meta":"","astra-migrate-meta-layouts":"default","ast-page-background-enabled":"default","ast-page-background-meta":{"desktop":{"background-color":"","background-image":"","background-repeat":"repeat","background-position":"center center","background-size":"auto","background-attachment":"scroll","background-type":"","background-media":"","overlay-type":"","overlay-color":"","overlay-opacity":"","overlay-gradient":""},"tablet":{"background-color":"","background-image":"","background-repeat":"repeat","background-position":"center center","background-size":"auto","background-attachment":"scroll","background-type":"","background-media":"","overlay-type":"","overlay-color":"","overlay-opacity":"","overlay-gradient":""},"mobile":{"background-color":"","background-image":"","background-repeat":"repeat","background-position":"center center","background-size":"auto","background-attachment":"scroll","background-type":"","background-media":"","overlay-type":"","overlay-color":"","overlay-opacity":"","overlay-gradient":""}},"ast-content-background-meta":{"desktop":{"background-color":"var(--ast-global-color-5)","background-image":"","background-repeat":"repeat","background-position":"center center","background-size":"auto","background-attachment":"scroll","background-type":"","background-media":"","overlay-type":"","overlay-color":"","overlay-opacity":"","overlay-gradient":""},"tablet":{"background-color":"var(--ast-global-color-5)","background-image":"","background-repeat":"repeat","background-position":"center center","background-size":"auto","background-attachment":"scroll","background-type":"","background-media":"","overlay-type":"","overlay-color":"","overlay-opacity":"","overlay-gradient":""},"mobile":{"background-color":"var(--ast-global-color-5)","background-image":"","background-repeat":"repeat","background-position":"center center","background-size":"auto","background-attachment":"scroll","background-type":"","background-media":"","overlay-type":"","overlay-color":"","overlay-opacity":"","overlay-gradient":""}},"footnotes":""},"class_list":["post-3","page","type-page","status-publish","hentry"],"_links":{"self":[{"href":"https:\/\/miklr.com\/fr\/wp-json\/wp\/v2\/pages\/3","targetHints":{"allow":["GET"]}}],"collection":[{"href":"https:\/\/miklr.com\/fr\/wp-json\/wp\/v2\/pages"}],"about":[{"href":"https:\/\/miklr.com\/fr\/wp-json\/wp\/v2\/types\/page"}],"author":[{"embeddable":true,"href":"https:\/\/miklr.com\/fr\/wp-json\/wp\/v2\/users\/1"}],"replies":[{"embeddable":true,"href":"https:\/\/miklr.com\/fr\/wp-json\/wp\/v2\/comments?post=3"}],"version-history":[{"count":30,"href":"https:\/\/miklr.com\/fr\/wp-json\/wp\/v2\/pages\/3\/revisions"}],"predecessor-version":[{"id":5683,"href":"https:\/\/miklr.com\/fr\/wp-json\/wp\/v2\/pages\/3\/revisions\/5683"}],"wp:attachment":[{"href":"https:\/\/miklr.com\/fr\/wp-json\/wp\/v2\/media?parent=3"}],"curies":[{"name":"wp","href":"https:\/\/api.w.org\/{rel}","templated":true}]}}