{"id":1224,"date":"2022-09-19T11:18:34","date_gmt":"2022-09-19T11:18:34","guid":{"rendered":"https:\/\/miklr.com\/fr\/?page_id=1224"},"modified":"2023-02-09T12:04:48","modified_gmt":"2023-02-09T12:04:48","slug":"information-legale","status":"publish","type":"page","link":"https:\/\/miklr.com\/fr\/information-legale\/","title":{"rendered":"Information l\u00e9gale"},"content":{"rendered":"\t\t<div data-elementor-type=\"wp-page\" data-elementor-id=\"1224\" class=\"elementor elementor-1224\">\n\t\t\t\t\t\t<section class=\"elementor-section elementor-top-section elementor-element elementor-element-43538413 elementor-section-boxed elementor-section-height-default elementor-section-height-default\" data-id=\"43538413\" data-element_type=\"section\" data-e-type=\"section\">\n\t\t\t\t\t\t<div class=\"elementor-container elementor-column-gap-default\">\n\t\t\t\t\t<div class=\"elementor-column elementor-col-100 elementor-top-column elementor-element elementor-element-8f90bac\" data-id=\"8f90bac\" data-element_type=\"column\" data-e-type=\"column\">\n\t\t\t<div class=\"elementor-widget-wrap elementor-element-populated\">\n\t\t\t\t\t\t<div class=\"elementor-element elementor-element-751972f8 elementor-widget elementor-widget-text-editor\" data-id=\"751972f8\" data-element_type=\"widget\" data-e-type=\"widget\" data-widget_type=\"text-editor.default\">\n\t\t\t\t<div class=\"elementor-widget-container\">\n\t\t\t\t\t\t\t\t\t<div class=\"elementor-element elementor-element-370afd0 elementor-widget elementor-widget-text-editor\" data-id=\"370afd0\" data-element_type=\"widget\" data-widget_type=\"text-editor.default\"><div class=\"elementor-widget-container\"><div class=\"elementor-text-editor elementor-clearfix\"><h3>1. Publication<\/h3><p>Le site miklr.com est \u00e9dit\u00e9 par FCC International Inc. sous le num\u00e9ro 0104-02-002390 dont le si\u00e8ge social est \u00e0 Tokyo au Japon et au capital social de 5 000 000 yens (42 000 \u20ac). Elle a \u00e9t\u00e9 cr\u00e9\u00e9e le 26 septembre 1986 avec l&rsquo;adresse l\u00e9gale : Akasaka 1-1-16, Minato-ku, Tokyo, Japon. Son bureau op\u00e9rationnel actuel est situ\u00e9 \u00e0 : Minato-ku, Shirogane 5-2-6 Villa Sophia 303 Tokyo 108-0072, Japon et poss\u00e8de des antennes aux USA, Hong-Kong, Espagne, Chilie et Alg\u00e9rie.<\/p><p>Contact Email: info @ miklr.com<\/p><h3>2. H\u00e9bergement<\/h3><p>Ce site Web est h\u00e9berg\u00e9 par la division d&rsquo;h\u00e9bergement d&rsquo;FCC International Inc.<br \/>Courriel : support @ fccint.com<\/p><h3>3. Donn\u00e9es personnelles<\/h3><p>Les donn\u00e9es collect\u00e9es sur ce site font l&rsquo;objet d&rsquo;un traitement informatique et sont destin\u00e9es \u00e0 la soci\u00e9t\u00e9 FCC International Inc. Conform\u00e9ment \u00e0 la l\u00e9gislation europ\u00e9enne sur la protection des donn\u00e9es, vous disposez d&rsquo;un droit d&rsquo;acc\u00e8s, de modification, de rectification et de suppression des donn\u00e9es personnelles que vous nous avez fournies. , et peut exercer ce droit \u00e0 tout moment en adressant un e-mail \u00e0 l&rsquo;adresse suivante : info @ miklr.com. Les donn\u00e9es collect\u00e9es sont stock\u00e9es dans notre base de donn\u00e9es clients, qui reste strictement confidentielle. Pour plus d&rsquo;informations sur les donn\u00e9es personnelles que nous collectons, comment et pourquoi nous les utilisons, et vos droits, veuillez consulter notre politique de confidentialit\u00e9.<\/p><\/div><\/div><\/div>\t\t\t\t\t\t\t\t<\/div>\n\t\t\t\t<\/div>\n\t\t\t\t\t<\/div>\n\t\t<\/div>\n\t\t\t\t\t<\/div>\n\t\t<\/section>\n\t\t\t\t<\/div>\n\t\t","protected":false},"excerpt":{"rendered":"<p>1. Publication Le site miklr.com est \u00e9dit\u00e9 par FCC International Inc. sous le num\u00e9ro 0104-02-002390 dont le si\u00e8ge social est \u00e0 Tokyo au Japon et au capital social de 5 000 000 yens (42 000 \u20ac). Elle a \u00e9t\u00e9 cr\u00e9\u00e9e le 26 septembre 1986 avec l&rsquo;adresse l\u00e9gale : Akasaka 1-1-16, Minato-ku, Tokyo, Japon. Son bureau [&hellip;]<\/p>\n","protected":false},"author":1,"featured_media":0,"parent":0,"menu_order":0,"comment_status":"closed","ping_status":"closed","template":"","meta":{"_monsterinsights_skip_tracking":false,"_monsterinsights_sitenote_active":false,"_monsterinsights_sitenote_note":"","_monsterinsights_sitenote_category":0,"site-sidebar-layout":"default","site-content-layout":"default","ast-site-content-layout":"default","site-content-style":"default","site-sidebar-style":"default","ast-global-header-display":"","ast-banner-title-visibility":"","ast-main-header-display":"","ast-hfb-above-header-display":"","ast-hfb-below-header-display":"","ast-hfb-mobile-header-display":"","site-post-title":"","ast-breadcrumbs-content":"","ast-featured-img":"","footer-sml-layout":"","ast-disable-related-posts":"","theme-transparent-header-meta":"disabled","adv-header-id-meta":"","stick-header-meta":"","header-above-stick-meta":"","header-main-stick-meta":"","header-below-stick-meta":"","astra-migrate-meta-layouts":"default","ast-page-background-enabled":"default","ast-page-background-meta":{"desktop":{"background-color":"","background-image":"","background-repeat":"repeat","background-position":"center center","background-size":"auto","background-attachment":"scroll","background-type":"","background-media":"","overlay-type":"","overlay-color":"","overlay-opacity":"","overlay-gradient":""},"tablet":{"background-color":"","background-image":"","background-repeat":"repeat","background-position":"center center","background-size":"auto","background-attachment":"scroll","background-type":"","background-media":"","overlay-type":"","overlay-color":"","overlay-opacity":"","overlay-gradient":""},"mobile":{"background-color":"","background-image":"","background-repeat":"repeat","background-position":"center center","background-size":"auto","background-attachment":"scroll","background-type":"","background-media":"","overlay-type":"","overlay-color":"","overlay-opacity":"","overlay-gradient":""}},"ast-content-background-meta":{"desktop":{"background-color":"var(--ast-global-color-5)","background-image":"","background-repeat":"repeat","background-position":"center center","background-size":"auto","background-attachment":"scroll","background-type":"","background-media":"","overlay-type":"","overlay-color":"","overlay-opacity":"","overlay-gradient":""},"tablet":{"background-color":"var(--ast-global-color-5)","background-image":"","background-repeat":"repeat","background-position":"center center","background-size":"auto","background-attachment":"scroll","background-type":"","background-media":"","overlay-type":"","overlay-color":"","overlay-opacity":"","overlay-gradient":""},"mobile":{"background-color":"var(--ast-global-color-5)","background-image":"","background-repeat":"repeat","background-position":"center center","background-size":"auto","background-attachment":"scroll","background-type":"","background-media":"","overlay-type":"","overlay-color":"","overlay-opacity":"","overlay-gradient":""}},"footnotes":""},"class_list":["post-1224","page","type-page","status-publish","hentry"],"_links":{"self":[{"href":"https:\/\/miklr.com\/fr\/wp-json\/wp\/v2\/pages\/1224","targetHints":{"allow":["GET"]}}],"collection":[{"href":"https:\/\/miklr.com\/fr\/wp-json\/wp\/v2\/pages"}],"about":[{"href":"https:\/\/miklr.com\/fr\/wp-json\/wp\/v2\/types\/page"}],"author":[{"embeddable":true,"href":"https:\/\/miklr.com\/fr\/wp-json\/wp\/v2\/users\/1"}],"replies":[{"embeddable":true,"href":"https:\/\/miklr.com\/fr\/wp-json\/wp\/v2\/comments?post=1224"}],"version-history":[{"count":46,"href":"https:\/\/miklr.com\/fr\/wp-json\/wp\/v2\/pages\/1224\/revisions"}],"predecessor-version":[{"id":4765,"href":"https:\/\/miklr.com\/fr\/wp-json\/wp\/v2\/pages\/1224\/revisions\/4765"}],"wp:attachment":[{"href":"https:\/\/miklr.com\/fr\/wp-json\/wp\/v2\/media?parent=1224"}],"curies":[{"name":"wp","href":"https:\/\/api.w.org\/{rel}","templated":true}]}}