{"id":5536,"date":"2023-03-23T22:08:25","date_gmt":"2023-03-23T22:08:25","guid":{"rendered":"https:\/\/miklr.com\/es\/?page_id=5536"},"modified":"2023-04-13T09:29:46","modified_gmt":"2023-04-13T09:29:46","slug":"vision-y-estrategia","status":"publish","type":"page","link":"https:\/\/miklr.com\/es\/vision-y-estrategia\/","title":{"rendered":"Visi\u00f3n y Estrategia"},"content":{"rendered":"\t\t<div data-elementor-type=\"wp-page\" data-elementor-id=\"5536\" class=\"elementor elementor-5536\">\n\t\t\t\t\t\t<section class=\"elementor-section elementor-top-section elementor-element elementor-element-673a8dc elementor-section-content-middle elementor-section-full_width elementor-section-height-min-height elementor-section-height-default elementor-section-items-middle\" data-id=\"673a8dc\" data-element_type=\"section\" data-e-type=\"section\" data-settings=\"{&quot;background_background&quot;:&quot;classic&quot;}\">\n\t\t\t\t\t\t\t<div class=\"elementor-background-overlay\"><\/div>\n\t\t\t\t\t\t\t<div class=\"elementor-container elementor-column-gap-no\">\n\t\t\t\t\t<div class=\"elementor-column elementor-col-50 elementor-top-column elementor-element elementor-element-0c9ec3f elementor-hidden-mobile\" data-id=\"0c9ec3f\" data-element_type=\"column\" data-e-type=\"column\">\n\t\t\t<div class=\"elementor-widget-wrap elementor-element-populated\">\n\t\t\t\t\t\t<div class=\"elementor-element elementor-element-c7a105a elementor-hidden-mobile elementor-widget elementor-widget-heading\" data-id=\"c7a105a\" data-element_type=\"widget\" data-e-type=\"widget\" data-widget_type=\"heading.default\">\n\t\t\t\t<div class=\"elementor-widget-container\">\n\t\t\t\t\t<h1 class=\"elementor-heading-title elementor-size-large\">Visi\u00f3n y Estrategia<\/h1>\t\t\t\t<\/div>\n\t\t\t\t<\/div>\n\t\t\t\t<div class=\"elementor-element elementor-element-7f9dd80 elementor-align-center elementor-mobile-align-center elementor-widget elementor-widget-button\" data-id=\"7f9dd80\" data-element_type=\"widget\" data-e-type=\"widget\" data-widget_type=\"button.default\">\n\t\t\t\t<div class=\"elementor-widget-container\">\n\t\t\t\t\t\t\t\t\t<div class=\"elementor-button-wrapper\">\n\t\t\t\t\t<a class=\"elementor-button elementor-button-link elementor-size-lg\" href=\"https:\/\/miklr.com\/es\/proposicion-consultacion\">\n\t\t\t\t\t\t<span class=\"elementor-button-content-wrapper\">\n\t\t\t\t\t\t\t\t\t<span class=\"elementor-button-text\">Propuesta Gratuita<\/span>\n\t\t\t\t\t<\/span>\n\t\t\t\t\t<\/a>\n\t\t\t\t<\/div>\n\t\t\t\t\t\t\t\t<\/div>\n\t\t\t\t<\/div>\n\t\t\t\t\t<\/div>\n\t\t<\/div>\n\t\t\t\t<div class=\"elementor-column elementor-col-50 elementor-top-column elementor-element elementor-element-8e35570\" data-id=\"8e35570\" data-element_type=\"column\" data-e-type=\"column\">\n\t\t\t<div class=\"elementor-widget-wrap\">\n\t\t\t\t\t\t\t<\/div>\n\t\t<\/div>\n\t\t\t\t\t<\/div>\n\t\t<\/section>\n\t\t\t\t<section class=\"elementor-section elementor-top-section elementor-element elementor-element-88f5320 elementor-section-boxed elementor-section-height-default elementor-section-height-default\" data-id=\"88f5320\" data-element_type=\"section\" data-e-type=\"section\">\n\t\t\t\t\t\t<div class=\"elementor-container elementor-column-gap-default\">\n\t\t\t\t\t<div class=\"elementor-column elementor-col-33 elementor-top-column elementor-element elementor-element-ca30f85\" data-id=\"ca30f85\" data-element_type=\"column\" data-e-type=\"column\">\n\t\t\t<div class=\"elementor-widget-wrap\">\n\t\t\t\t\t\t\t<\/div>\n\t\t<\/div>\n\t\t\t\t<div class=\"elementor-column elementor-col-33 elementor-top-column elementor-element elementor-element-bf1352b\" data-id=\"bf1352b\" data-element_type=\"column\" data-e-type=\"column\">\n\t\t\t<div class=\"elementor-widget-wrap elementor-element-populated\">\n\t\t\t\t\t\t<div class=\"elementor-element elementor-element-a50c9be elementor-widget elementor-widget-text-editor\" data-id=\"a50c9be\" data-element_type=\"widget\" data-e-type=\"widget\" data-widget_type=\"text-editor.default\">\n\t\t\t\t<div class=\"elementor-widget-container\">\n\t\t\t\t\t\t\t\t\t<p>Nuestro equipo de expertos est\u00e1 dedicado a ayudar a su organizaci\u00f3n a alcanzar sus objetivos mediante la provisi\u00f3n de orientaci\u00f3n estrat\u00e9gica, consejos y apoyo. Hoy, queremos hablar sobre dos componentes cr\u00edticos de cualquier negocio exitoso: Visi\u00f3n y Estrategia.<\/p><h3>Visi\u00f3n<\/h3><p>La visi\u00f3n de su organizaci\u00f3n es la estrella gu\u00eda que ilumina el camino hacia su objetivo final. Una visi\u00f3n bien definida es esencial para ayudar a alinear a su equipo, establecer prioridades y impulsar el desempe\u00f1o. En nuestra firma de consultor\u00eda, trabajamos con usted para desarrollar una visi\u00f3n clara y convincente que inspire y motive a su equipo a alcanzar nuevas alturas.<\/p><p>Nuestro enfoque para el desarrollo de la visi\u00f3n se centra en identificar los valores y fortalezas centrales de su organizaci\u00f3n y alinearlos con sus objetivos a largo plazo. Le ayudamos a articular su visi\u00f3n de una manera que sea significativa, espec\u00edfica y medible, para que pueda realizar un seguimiento de su progreso hacia sus objetivos y hacer los ajustes necesarios a lo largo del camino.<\/p><h3>Estrategia<\/h3><p>Una vez que tenga una visi\u00f3n clara, el siguiente paso es desarrollar un plan estrat\u00e9gico que lo ayude a alcanzar sus objetivos. Nuestro equipo de consultor\u00eda est\u00e1 bien versado en una variedad de metodolog\u00edas de planificaci\u00f3n estrat\u00e9gica, y trabajamos con usted para identificar el enfoque adecuado para su organizaci\u00f3n.<\/p><p>Lo ayudamos a analizar su situaci\u00f3n actual, evaluar sus fortalezas y debilidades, e identificar cualquier oportunidad o amenaza que pueda afectar su \u00e9xito. A partir de ah\u00ed, trabajamos con usted para desarrollar un plan estrat\u00e9gico integral que describa objetivos claros, acciones espec\u00edficas y resultados medibles.<\/p><p>En nuestra firma de consultor\u00eda, creemos que la clave para una estrategia exitosa es la flexibilidad. Trabajamos con usted para desarrollar un plan que sea adaptable y pueda evolucionar a medida que su negocio cambie y crezca. Al monitorear continuamente su progreso y hacer los ajustes necesarios, lo ayudamos a mantenerse en el camino hacia su visi\u00f3n.<\/p><p>En conclusi\u00f3n, nuestra firma de consultor\u00eda empresarial est\u00e1 dedicada a ayudar a su organizaci\u00f3n a desarrollar una visi\u00f3n clara y convincente y una estrategia flexible y adaptable para alcanzar sus objetivos. Con nuestra experiencia y gu\u00eda, puede llevar su negocio al siguiente nivel y lograr el \u00e9xito que se merece. \u00a1Cont\u00e1ctenos hoy mismo para obtener m\u00e1s informaci\u00f3n sobre nuestros servicios y c\u00f3mo podemos ayudar a su negocio a tener \u00e9xito!<\/p>\t\t\t\t\t\t\t\t<\/div>\n\t\t\t\t<\/div>\n\t\t\t\t\t<\/div>\n\t\t<\/div>\n\t\t\t\t<div class=\"elementor-column elementor-col-33 elementor-top-column elementor-element elementor-element-4621bb9\" data-id=\"4621bb9\" data-element_type=\"column\" data-e-type=\"column\">\n\t\t\t<div class=\"elementor-widget-wrap\">\n\t\t\t\t\t\t\t<\/div>\n\t\t<\/div>\n\t\t\t\t\t<\/div>\n\t\t<\/section>\n\t\t\t\t<section class=\"elementor-section elementor-top-section elementor-element elementor-element-fcbecbd elementor-section-boxed elementor-section-height-default elementor-section-height-default\" data-id=\"fcbecbd\" data-element_type=\"section\" data-e-type=\"section\">\n\t\t\t\t\t\t<div class=\"elementor-container elementor-column-gap-default\">\n\t\t\t\t\t<div class=\"elementor-column elementor-col-100 elementor-top-column elementor-element elementor-element-0c2d86a\" data-id=\"0c2d86a\" data-element_type=\"column\" data-e-type=\"column\">\n\t\t\t<div class=\"elementor-widget-wrap elementor-element-populated\">\n\t\t\t\t\t\t<div class=\"elementor-element elementor-element-2b54149 elementor-align-center elementor-mobile-align-center elementor-widget elementor-widget-button\" data-id=\"2b54149\" data-element_type=\"widget\" data-e-type=\"widget\" data-widget_type=\"button.default\">\n\t\t\t\t<div class=\"elementor-widget-container\">\n\t\t\t\t\t\t\t\t\t<div class=\"elementor-button-wrapper\">\n\t\t\t\t\t<a class=\"elementor-button elementor-button-link elementor-size-lg\" href=\"https:\/\/miklr.com\/es\/proposicion-consultacion\">\n\t\t\t\t\t\t<span class=\"elementor-button-content-wrapper\">\n\t\t\t\t\t\t\t\t\t<span class=\"elementor-button-text\">Propuesta Gratuita<\/span>\n\t\t\t\t\t<\/span>\n\t\t\t\t\t<\/a>\n\t\t\t\t<\/div>\n\t\t\t\t\t\t\t\t<\/div>\n\t\t\t\t<\/div>\n\t\t\t\t\t<\/div>\n\t\t<\/div>\n\t\t\t\t\t<\/div>\n\t\t<\/section>\n\t\t\t\t<section class=\"elementor-section elementor-top-section elementor-element elementor-element-7d8a4d6 elementor-section-boxed elementor-section-height-default elementor-section-height-default\" data-id=\"7d8a4d6\" data-element_type=\"section\" data-e-type=\"section\" data-settings=\"{&quot;background_background&quot;:&quot;classic&quot;}\">\n\t\t\t\t\t\t\t<div class=\"elementor-background-overlay\"><\/div>\n\t\t\t\t\t\t\t<div class=\"elementor-container elementor-column-gap-no\">\n\t\t\t\t\t<div class=\"elementor-column elementor-col-100 elementor-top-column elementor-element elementor-element-15587cb\" data-id=\"15587cb\" data-element_type=\"column\" data-e-type=\"column\">\n\t\t\t<div class=\"elementor-widget-wrap elementor-element-populated\">\n\t\t\t\t\t\t<div class=\"elementor-element elementor-element-da20183 elementor-view-framed elementor-shape-circle elementor-widget elementor-widget-icon\" data-id=\"da20183\" data-element_type=\"widget\" data-e-type=\"widget\" data-widget_type=\"icon.default\">\n\t\t\t\t<div class=\"elementor-widget-container\">\n\t\t\t\t\t\t\t<div class=\"elementor-icon-wrapper\">\n\t\t\t<a class=\"elementor-icon\" href=\"#\">\n\t\t\t<i aria-hidden=\"true\" class=\"far fa-handshake\"><\/i>\t\t\t<\/a>\n\t\t<\/div>\n\t\t\t\t\t\t<\/div>\n\t\t\t\t<\/div>\n\t\t\t\t<div class=\"elementor-element elementor-element-2f79b89 elementor-widget elementor-widget-heading\" data-id=\"2f79b89\" data-element_type=\"widget\" data-e-type=\"widget\" data-widget_type=\"heading.default\">\n\t\t\t\t<div class=\"elementor-widget-container\">\n\t\t\t\t\t<h2 class=\"elementor-heading-title elementor-size-large\">Creando valor a trav\u00e9s de una red de confianza<\/h2>\t\t\t\t<\/div>\n\t\t\t\t<\/div>\n\t\t\t\t\t<\/div>\n\t\t<\/div>\n\t\t\t\t\t<\/div>\n\t\t<\/section>\n\t\t\t\t<section class=\"elementor-section elementor-top-section elementor-element elementor-element-3fd7132 elementor-section-boxed elementor-section-height-default elementor-section-height-default\" data-id=\"3fd7132\" data-element_type=\"section\" data-e-type=\"section\">\n\t\t\t\t\t\t<div class=\"elementor-container elementor-column-gap-default\">\n\t\t\t\t\t<div class=\"elementor-column elementor-col-100 elementor-top-column elementor-element elementor-element-8b6855a\" data-id=\"8b6855a\" data-element_type=\"column\" data-e-type=\"column\">\n\t\t\t<div class=\"elementor-widget-wrap elementor-element-populated\">\n\t\t\t\t\t\t<div class=\"elementor-element elementor-element-f0085a5 elementor-align-center elementor-mobile-align-center elementor-widget elementor-widget-button\" data-id=\"f0085a5\" data-element_type=\"widget\" data-e-type=\"widget\" data-widget_type=\"button.default\">\n\t\t\t\t<div class=\"elementor-widget-container\">\n\t\t\t\t\t\t\t\t\t<div class=\"elementor-button-wrapper\">\n\t\t\t\t\t<a class=\"elementor-button elementor-button-link elementor-size-lg\" href=\"https:\/\/miklr.com\/es\/proposicion-consultacion\">\n\t\t\t\t\t\t<span class=\"elementor-button-content-wrapper\">\n\t\t\t\t\t\t\t\t\t<span class=\"elementor-button-text\">Propuesta Gratuita<\/span>\n\t\t\t\t\t<\/span>\n\t\t\t\t\t<\/a>\n\t\t\t\t<\/div>\n\t\t\t\t\t\t\t\t<\/div>\n\t\t\t\t<\/div>\n\t\t\t\t\t<\/div>\n\t\t<\/div>\n\t\t\t\t\t<\/div>\n\t\t<\/section>\n\t\t\t\t<\/div>\n\t\t","protected":false},"excerpt":{"rendered":"<p>Visi\u00f3n y Estrategia Propuesta Gratuita Nuestro equipo de expertos est\u00e1 dedicado a ayudar a su organizaci\u00f3n a alcanzar sus objetivos mediante la provisi\u00f3n de orientaci\u00f3n estrat\u00e9gica, consejos y apoyo. Hoy, queremos hablar sobre dos componentes cr\u00edticos de cualquier negocio exitoso: Visi\u00f3n y Estrategia. Visi\u00f3n La visi\u00f3n de su organizaci\u00f3n es la estrella gu\u00eda que ilumina [&hellip;]<\/p>\n","protected":false},"author":1,"featured_media":0,"parent":0,"menu_order":0,"comment_status":"closed","ping_status":"closed","template":"","meta":{"_monsterinsights_skip_tracking":false,"_monsterinsights_sitenote_active":false,"_monsterinsights_sitenote_note":"","_monsterinsights_sitenote_category":0,"site-sidebar-layout":"no-sidebar","site-content-layout":"page-builder","ast-site-content-layout":"default","site-content-style":"default","site-sidebar-style":"default","ast-global-header-display":"","ast-banner-title-visibility":"","ast-main-header-display":"","ast-hfb-above-header-display":"","ast-hfb-below-header-display":"","ast-hfb-mobile-header-display":"","site-post-title":"disabled","ast-breadcrumbs-content":"","ast-featured-img":"disabled","footer-sml-layout":"","ast-disable-related-posts":"","theme-transparent-header-meta":"enabled","adv-header-id-meta":"","stick-header-meta":"","header-above-stick-meta":"","header-main-stick-meta":"","header-below-stick-meta":"","astra-migrate-meta-layouts":"default","ast-page-background-enabled":"default","ast-page-background-meta":{"desktop":{"background-color":"","background-image":"","background-repeat":"repeat","background-position":"center center","background-size":"auto","background-attachment":"scroll","background-type":"","background-media":"","overlay-type":"","overlay-color":"","overlay-opacity":"","overlay-gradient":""},"tablet":{"background-color":"","background-image":"","background-repeat":"repeat","background-position":"center center","background-size":"auto","background-attachment":"scroll","background-type":"","background-media":"","overlay-type":"","overlay-color":"","overlay-opacity":"","overlay-gradient":""},"mobile":{"background-color":"","background-image":"","background-repeat":"repeat","background-position":"center center","background-size":"auto","background-attachment":"scroll","background-type":"","background-media":"","overlay-type":"","overlay-color":"","overlay-opacity":"","overlay-gradient":""}},"ast-content-background-meta":{"desktop":{"background-color":"var(--ast-global-color-5)","background-image":"","background-repeat":"repeat","background-position":"center center","background-size":"auto","background-attachment":"scroll","background-type":"","background-media":"","overlay-type":"","overlay-color":"","overlay-opacity":"","overlay-gradient":""},"tablet":{"background-color":"var(--ast-global-color-5)","background-image":"","background-repeat":"repeat","background-position":"center center","background-size":"auto","background-attachment":"scroll","background-type":"","background-media":"","overlay-type":"","overlay-color":"","overlay-opacity":"","overlay-gradient":""},"mobile":{"background-color":"var(--ast-global-color-5)","background-image":"","background-repeat":"repeat","background-position":"center center","background-size":"auto","background-attachment":"scroll","background-type":"","background-media":"","overlay-type":"","overlay-color":"","overlay-opacity":"","overlay-gradient":""}},"footnotes":""},"class_list":["post-5536","page","type-page","status-publish","hentry"],"_links":{"self":[{"href":"https:\/\/miklr.com\/es\/wp-json\/wp\/v2\/pages\/5536","targetHints":{"allow":["GET"]}}],"collection":[{"href":"https:\/\/miklr.com\/es\/wp-json\/wp\/v2\/pages"}],"about":[{"href":"https:\/\/miklr.com\/es\/wp-json\/wp\/v2\/types\/page"}],"author":[{"embeddable":true,"href":"https:\/\/miklr.com\/es\/wp-json\/wp\/v2\/users\/1"}],"replies":[{"embeddable":true,"href":"https:\/\/miklr.com\/es\/wp-json\/wp\/v2\/comments?post=5536"}],"version-history":[{"count":20,"href":"https:\/\/miklr.com\/es\/wp-json\/wp\/v2\/pages\/5536\/revisions"}],"predecessor-version":[{"id":5877,"href":"https:\/\/miklr.com\/es\/wp-json\/wp\/v2\/pages\/5536\/revisions\/5877"}],"wp:attachment":[{"href":"https:\/\/miklr.com\/es\/wp-json\/wp\/v2\/media?parent=5536"}],"curies":[{"name":"wp","href":"https:\/\/api.w.org\/{rel}","templated":true}]}}