{"id":3,"date":"2022-09-12T14:44:51","date_gmt":"2022-09-12T14:44:51","guid":{"rendered":"https:\/\/miklr.com\/es\/?page_id=3"},"modified":"2023-05-09T00:25:05","modified_gmt":"2023-05-09T00:25:05","slug":"politica-confidencialidad","status":"publish","type":"page","link":"https:\/\/miklr.com\/es\/politica-confidencialidad\/","title":{"rendered":"Politica de confidencialiad"},"content":{"rendered":"\t\t<div data-elementor-type=\"wp-page\" data-elementor-id=\"3\" class=\"elementor elementor-3\">\n\t\t\t\t\t\t<section class=\"elementor-section elementor-top-section elementor-element elementor-element-51c59129 elementor-section-boxed elementor-section-height-default elementor-section-height-default\" data-id=\"51c59129\" data-element_type=\"section\" data-e-type=\"section\">\n\t\t\t\t\t\t<div class=\"elementor-container elementor-column-gap-default\">\n\t\t\t\t\t<div class=\"elementor-column elementor-col-100 elementor-top-column elementor-element elementor-element-6c0c3404\" data-id=\"6c0c3404\" data-element_type=\"column\" data-e-type=\"column\">\n\t\t\t<div class=\"elementor-widget-wrap elementor-element-populated\">\n\t\t\t\t\t\t<div class=\"elementor-element elementor-element-629f1030 elementor-widget elementor-widget-text-editor\" data-id=\"629f1030\" data-element_type=\"widget\" data-e-type=\"widget\" data-widget_type=\"text-editor.default\">\n\t\t\t\t<div class=\"elementor-widget-container\">\n\t\t\t\t\t\t\t\t\t<p>miklr.com es un sitio web y una marca de FCC International. Esta pol\u00edtica de privacidad explica c\u00f3mo nuestra organizaci\u00f3n utiliza los datos personales que recopilamos de usted cuando utiliza nuestro sitio web.<\/p><p>\u00bfQu\u00e9 datos recopilamos? \u00bfC\u00f3mo recopilamos sus datos? \u00bfC\u00f3mo utilizaremos sus datos? \u00bfC\u00f3mo almacenamos sus datos? Comercializaci\u00f3n \u00bfCu\u00e1les son sus derechos de protecci\u00f3n de datos? \u00bfQu\u00e9 son las cookies? \u00bfC\u00f3mo utilizamos las cookies? \u00bfQu\u00e9 tipos de cookies utilizamos? C\u00f3mo administrar sus cookies Pol\u00edticas de privacidad de otros sitios web Modificaciones a nuestra pol\u00edtica de privacidad C\u00f3mo ponerse en contacto con nosotros C\u00f3mo ponerse en contacto con las autoridades competentes \u00bfQu\u00e9 datos recopilamos? Miklr recopila los siguientes datos:<\/p><p>Visitante del sitio (A): direcci\u00f3n IP, registros de las p\u00e1ginas visitadas. Registro del prospecto (B): (A) + nombre, apellido, n\u00famero de tel\u00e9fono, direcci\u00f3n de correo electr\u00f3nico, informaci\u00f3n sobre sus objetivos comerciales y de marketing. Registro del proveedor de servicios (C): (A) + nombre, apellido, n\u00famero de tel\u00e9fono, direcci\u00f3n de correo electr\u00f3nico, CV, prueba de identidad, RIB. Empleado: (C) + cualquier informaci\u00f3n necesaria por razones legales. \u00bfC\u00f3mo recopilamos sus datos? Miklr recopila la mayor\u00eda de los datos que recopilamos directamente de usted. Recopilamos y procesamos datos cuando:<\/p><p>Se postula voluntariamente desde nuestro sitio web o completa un formulario de cliente a trav\u00e9s de Google Forms. Proporciona comentarios en las p\u00e1ginas de redes sociales o por correo electr\u00f3nico. Utiliza o consulta nuestro sitio web a trav\u00e9s de las cookies de su navegador. De vez en cuando, Miklr tambi\u00e9n puede recibir sus datos indirectamente de empresas especializadas en investigaci\u00f3n de marketing de terceros.<\/p><p>\u00bfC\u00f3mo utilizaremos sus datos? Miklr recopila sus datos para que podamos:<\/p><p>Procesar su pedido, administrar su cuenta. Enviarle un correo electr\u00f3nico con ofertas especiales sobre otros productos y servicios que creemos que pueden ser beneficiosos para su empresa. Si est\u00e1 de acuerdo, Miklr compartir\u00e1 sus datos con nuestras empresas asociadas para que puedan ofrecerle sus productos y servicios.<\/p><p>\u00bfC\u00f3mo almacenamos sus datos? Miklr almacena sus datos de forma segura en Google Cloud con datos cifrados en tr\u00e1nsito y en reposo.<\/p><p>Miklr retendr\u00e1 sus datos mientras sea cliente de Miklr o cliente potencial durante 6 meses. Una vez expirado este plazo, eliminaremos sus datos elimin\u00e1ndolos de nuestro CRM y nuestras bases de datos de acuerdo con el RGPD.<\/p><p>Comercializaci\u00f3n Miklr le gustar\u00eda enviarle informaci\u00f3n sobre nuestros productos y servicios que creemos que pueden ser de su inter\u00e9s.<\/p><p>Si ha aceptado recibir marketing, siempre puede cancelar la suscripci\u00f3n en una fecha posterior. Tiene derecho en todo momento a evitar que Miklr se ponga en contacto con usted con fines de marketing o que d\u00e9 sus datos a otros miembros del Grupo Internacional FCC. Si ya no desea ser contactado con fines de marketing, comun\u00edquese con nosotros en info@miklr.com.<\/p><p>\u00bfCu\u00e1les son tus derechos en materia de protecci\u00f3n de datos?<\/p><p>Miklr desea asegurarse de que est\u00e9s plenamente consciente de todos tus derechos en materia de protecci\u00f3n de datos. Cada usuario tiene derecho a lo siguiente:<\/p><p>El derecho de acceso &#8211; Tienes derecho a solicitar a Miklr copias de tus datos personales. Podemos cobrarte una tarifa nominal por este servicio. El derecho de rectificaci\u00f3n &#8211; Tienes derecho a solicitar a Miklr que corrija cualquier informaci\u00f3n que consideres inexacta. Tambi\u00e9n tienes derecho a solicitar a Miklr que complete la informaci\u00f3n que consideres incompleta.<\/p><p>El derecho al olvido &#8211; Tienes derecho a solicitar a Miklr que borre tus datos personales, bajo ciertas condiciones.<\/p><p>El derecho a la limitaci\u00f3n del tratamiento &#8211; Tienes derecho a solicitar a Miklr que limite el tratamiento de tus datos personales, bajo ciertas condiciones.<\/p><p>El derecho a oponerse al tratamiento &#8211; Tienes derecho a oponerte al tratamiento de tus datos personales por parte de Miklr, bajo ciertas condiciones.<\/p><p>El derecho a la portabilidad de los datos &#8211; Tienes derecho a solicitar a Miklr que transfiera los datos que hemos recopilado a otra organizaci\u00f3n o directamente a ti, bajo ciertas condiciones.<\/p><p>Si haces una solicitud, tenemos un mes para responderte. Si deseas ejercer alguno de estos derechos, cont\u00e1ctanos en nuestro correo electr\u00f3nico: info @ miklr.com<\/p><p>\u00bfQu\u00e9 son las cookies?<\/p><p>Las cookies son archivos de texto que se colocan en tu ordenador para recopilar informaci\u00f3n est\u00e1ndar de conexi\u00f3n a Internet y sobre el comportamiento de los visitantes. Cuando visitas nuestros sitios web, podemos recopilar informaci\u00f3n autom\u00e1ticamente de ti a trav\u00e9s de cookies o tecnolog\u00eda similar.<\/p><p>Para obtener m\u00e1s informaci\u00f3n, visita allaboutcookies.org.<\/p><p>\u00bfC\u00f3mo utilizamos las cookies?<\/p><p>Miklr utiliza cookies de diversas formas para mejorar tu experiencia en nuestro sitio web, incluyendo:<\/p><p>Permanecer conectado Comprender c\u00f3mo utilizas nuestro sitio web \u00bfQu\u00e9 tipos de cookies utilizamos? Existen diferentes tipos de cookies, sin embargo, nuestro sitio web utiliza:<\/p><p>Funcionalidad &#8211; Miklr utiliza estas cookies para reconocerte en nuestro sitio web y recordar tus preferencias previamente seleccionadas. Estas pueden incluir el idioma que prefieres y el lugar donde te encuentras. Se utilizan tanto cookies propias como de terceros. Publicidad &#8211; Miklr utiliza estas cookies para recopilar informaci\u00f3n sobre tu visita a nuestro sitio web, el contenido que has consultado, los enlaces que has seguido y la informaci\u00f3n sobre tu navegador, dispositivo y direcci\u00f3n IP. Miklr a veces comparte algunos aspectos limitados de estos datos con terceros con fines publicitarios. Tambi\u00e9n podemos compartir datos en l\u00ednea recopilados a trav\u00e9s de cookies con nuestros socios publicitarios. Esto significa que cuando visitas otro sitio web, pueden presentarte anuncios en funci\u00f3n de tus h\u00e1bitos de navegaci\u00f3n en nuestro sitio web.<\/p><p>C\u00f3mo gestionar las cookies<\/p><p>Puedes configurar tu navegador para que no acepte cookies, y el sitio web anterior te indica c\u00f3mo eliminar las cookies de tu navegador. Sin embargo, en algunos casos, algunas de las caracter\u00edsticas de nuestro sitio web pueden no funcionar en consecuencia.<\/p><p>Pol\u00edticas de privacidad de otros sitios web<\/p><p>El sitio miklr.com\/es contiene enlaces a otros sitios web. Nuestra pol\u00edtica de privacidad se aplica \u00fanicamente a nuestro sitio web, por lo que si hace clic en un enlace a otro sitio web, deber\u00e1 leer su pol\u00edtica de privacidad.<\/p><p>Modificaciones de nuestra pol\u00edtica de privacidad<\/p><p>Miklr revisa regularmente su pol\u00edtica de privacidad y publica todas las actualizaciones en esta p\u00e1gina web. Esta pol\u00edtica de privacidad fue actualizada por \u00faltima vez el 10 de septiembre de 2022.<\/p><p>C\u00f3mo contactarnos<\/p><p>Si tiene alguna pregunta sobre la pol\u00edtica de privacidad de Miklr, los datos que tenemos sobre usted o si desea ejercer alguno de sus derechos de protecci\u00f3n de datos, no dude en ponerse en contacto con nosotros.<\/p><p>Escr\u00edbanos a: info @ miklr.com<\/p><p>\u00a0<\/p>\t\t\t\t\t\t\t\t<\/div>\n\t\t\t\t<\/div>\n\t\t\t\t\t<\/div>\n\t\t<\/div>\n\t\t\t\t\t<\/div>\n\t\t<\/section>\n\t\t\t\t<\/div>\n\t\t","protected":false},"excerpt":{"rendered":"<p>miklr.com es un sitio web y una marca de FCC International. Esta pol\u00edtica de privacidad explica c\u00f3mo nuestra organizaci\u00f3n utiliza los datos personales que recopilamos de usted cuando utiliza nuestro sitio web. \u00bfQu\u00e9 datos recopilamos? \u00bfC\u00f3mo recopilamos sus datos? \u00bfC\u00f3mo utilizaremos sus datos? \u00bfC\u00f3mo almacenamos sus datos? Comercializaci\u00f3n \u00bfCu\u00e1les son sus derechos de protecci\u00f3n de [&hellip;]<\/p>\n","protected":false},"author":1,"featured_media":0,"parent":0,"menu_order":0,"comment_status":"closed","ping_status":"closed","template":"","meta":{"_monsterinsights_skip_tracking":false,"_monsterinsights_sitenote_active":false,"_monsterinsights_sitenote_note":"","_monsterinsights_sitenote_category":0,"site-sidebar-layout":"default","site-content-layout":"default","ast-site-content-layout":"default","site-content-style":"default","site-sidebar-style":"default","ast-global-header-display":"","ast-banner-title-visibility":"","ast-main-header-display":"","ast-hfb-above-header-display":"","ast-hfb-below-header-display":"","ast-hfb-mobile-header-display":"","site-post-title":"","ast-breadcrumbs-content":"","ast-featured-img":"","footer-sml-layout":"","ast-disable-related-posts":"","theme-transparent-header-meta":"disabled","adv-header-id-meta":"","stick-header-meta":"","header-above-stick-meta":"","header-main-stick-meta":"","header-below-stick-meta":"","astra-migrate-meta-layouts":"default","ast-page-background-enabled":"default","ast-page-background-meta":{"desktop":{"background-color":"","background-image":"","background-repeat":"repeat","background-position":"center center","background-size":"auto","background-attachment":"scroll","background-type":"","background-media":"","overlay-type":"","overlay-color":"","overlay-opacity":"","overlay-gradient":""},"tablet":{"background-color":"","background-image":"","background-repeat":"repeat","background-position":"center center","background-size":"auto","background-attachment":"scroll","background-type":"","background-media":"","overlay-type":"","overlay-color":"","overlay-opacity":"","overlay-gradient":""},"mobile":{"background-color":"","background-image":"","background-repeat":"repeat","background-position":"center center","background-size":"auto","background-attachment":"scroll","background-type":"","background-media":"","overlay-type":"","overlay-color":"","overlay-opacity":"","overlay-gradient":""}},"ast-content-background-meta":{"desktop":{"background-color":"var(--ast-global-color-5)","background-image":"","background-repeat":"repeat","background-position":"center center","background-size":"auto","background-attachment":"scroll","background-type":"","background-media":"","overlay-type":"","overlay-color":"","overlay-opacity":"","overlay-gradient":""},"tablet":{"background-color":"var(--ast-global-color-5)","background-image":"","background-repeat":"repeat","background-position":"center center","background-size":"auto","background-attachment":"scroll","background-type":"","background-media":"","overlay-type":"","overlay-color":"","overlay-opacity":"","overlay-gradient":""},"mobile":{"background-color":"var(--ast-global-color-5)","background-image":"","background-repeat":"repeat","background-position":"center center","background-size":"auto","background-attachment":"scroll","background-type":"","background-media":"","overlay-type":"","overlay-color":"","overlay-opacity":"","overlay-gradient":""}},"footnotes":""},"class_list":["post-3","page","type-page","status-publish","hentry"],"_links":{"self":[{"href":"https:\/\/miklr.com\/es\/wp-json\/wp\/v2\/pages\/3","targetHints":{"allow":["GET"]}}],"collection":[{"href":"https:\/\/miklr.com\/es\/wp-json\/wp\/v2\/pages"}],"about":[{"href":"https:\/\/miklr.com\/es\/wp-json\/wp\/v2\/types\/page"}],"author":[{"embeddable":true,"href":"https:\/\/miklr.com\/es\/wp-json\/wp\/v2\/users\/1"}],"replies":[{"embeddable":true,"href":"https:\/\/miklr.com\/es\/wp-json\/wp\/v2\/comments?post=3"}],"version-history":[{"count":31,"href":"https:\/\/miklr.com\/es\/wp-json\/wp\/v2\/pages\/3\/revisions"}],"predecessor-version":[{"id":5965,"href":"https:\/\/miklr.com\/es\/wp-json\/wp\/v2\/pages\/3\/revisions\/5965"}],"wp:attachment":[{"href":"https:\/\/miklr.com\/es\/wp-json\/wp\/v2\/media?parent=3"}],"curies":[{"name":"wp","href":"https:\/\/api.w.org\/{rel}","templated":true}]}}