{"id":1224,"date":"2022-09-19T11:18:34","date_gmt":"2022-09-19T11:18:34","guid":{"rendered":"https:\/\/miklr.com\/es\/?page_id=1224"},"modified":"2023-05-09T00:14:35","modified_gmt":"2023-05-09T00:14:35","slug":"informationes-legales","status":"publish","type":"page","link":"https:\/\/miklr.com\/es\/informationes-legales\/","title":{"rendered":"Informaciones-legales"},"content":{"rendered":"\t\t<div data-elementor-type=\"wp-page\" data-elementor-id=\"1224\" class=\"elementor elementor-1224\">\n\t\t\t\t\t\t<section class=\"elementor-section elementor-top-section elementor-element elementor-element-43538413 elementor-section-boxed elementor-section-height-default elementor-section-height-default\" data-id=\"43538413\" data-element_type=\"section\" data-e-type=\"section\">\n\t\t\t\t\t\t<div class=\"elementor-container elementor-column-gap-default\">\n\t\t\t\t\t<div class=\"elementor-column elementor-col-100 elementor-top-column elementor-element elementor-element-8f90bac\" data-id=\"8f90bac\" data-element_type=\"column\" data-e-type=\"column\">\n\t\t\t<div class=\"elementor-widget-wrap elementor-element-populated\">\n\t\t\t\t\t\t<div class=\"elementor-element elementor-element-751972f8 elementor-widget elementor-widget-text-editor\" data-id=\"751972f8\" data-element_type=\"widget\" data-e-type=\"widget\" data-widget_type=\"text-editor.default\">\n\t\t\t\t<div class=\"elementor-widget-container\">\n\t\t\t\t\t\t\t\t\t<div class=\"elementor-element elementor-element-370afd0 elementor-widget elementor-widget-text-editor\" data-id=\"370afd0\" data-element_type=\"widget\" data-widget_type=\"text-editor.default\"><div class=\"elementor-widget-container\"><div class=\"elementor-text-editor elementor-clearfix\"><h3>Publicaci\u00f3n<\/h3><p>El sitio miklr.com es publicado por FCC International Inc. con n\u00famero de registro 0104-02-002390, con sede en Tokio, Jap\u00f3n y capital social de 5.000.000 yenes. Fue fundado el 26 de septiembre de 1986 con domicilio legal en Akasaka 1-1-16, Minato-ku, Tokio, Jap\u00f3n. Su oficina operativa actual se encuentra en Minato-ku, Shirogane 5-2-6 Villa Sophia 303 Tokio 108-0072, Jap\u00f3n.<\/p><p>Correo electr\u00f3nico de contacto: info @ miklr.com<\/p><h3>Alojamiento<\/h3><p>Este sitio web est\u00e1 alojado por la divisi\u00f3n de alojamiento de FCC International Inc. Correo electr\u00f3nico: support @ fccint.com<\/p><h3>Datos personales<\/h3><p>Los datos recopilados en este sitio web son objeto de tratamiento inform\u00e1tico y est\u00e1n destinados a la sociedad FCC International Inc. De conformidad con la legislaci\u00f3n europea sobre protecci\u00f3n de datos, usted tiene derecho de acceso, modificaci\u00f3n, rectificaci\u00f3n y supresi\u00f3n de los datos personales que nos haya proporcionado, y puede ejercer este derecho en cualquier momento enviando un correo electr\u00f3nico a la siguiente direcci\u00f3n: info @ miklr.com. Los datos recopilados se almacenan en nuestra base de datos de clientes, que es estrictamente confidencial. Para obtener m\u00e1s informaci\u00f3n sobre los datos personales que recopilamos, c\u00f3mo y por qu\u00e9 los utilizamos, y sus derechos, consulte nuestra pol\u00edtica de privacidad.<\/p><\/div><\/div><\/div>\t\t\t\t\t\t\t\t<\/div>\n\t\t\t\t<\/div>\n\t\t\t\t\t<\/div>\n\t\t<\/div>\n\t\t\t\t\t<\/div>\n\t\t<\/section>\n\t\t\t\t<\/div>\n\t\t","protected":false},"excerpt":{"rendered":"<p>Publicaci\u00f3n El sitio miklr.com es publicado por FCC International Inc. con n\u00famero de registro 0104-02-002390, con sede en Tokio, Jap\u00f3n y capital social de 5.000.000 yenes. Fue fundado el 26 de septiembre de 1986 con domicilio legal en Akasaka 1-1-16, Minato-ku, Tokio, Jap\u00f3n. Su oficina operativa actual se encuentra en Minato-ku, Shirogane 5-2-6 Villa Sophia [&hellip;]<\/p>\n","protected":false},"author":1,"featured_media":0,"parent":0,"menu_order":0,"comment_status":"closed","ping_status":"closed","template":"","meta":{"_monsterinsights_skip_tracking":false,"_monsterinsights_sitenote_active":false,"_monsterinsights_sitenote_note":"","_monsterinsights_sitenote_category":0,"site-sidebar-layout":"default","site-content-layout":"default","ast-site-content-layout":"default","site-content-style":"default","site-sidebar-style":"default","ast-global-header-display":"","ast-banner-title-visibility":"","ast-main-header-display":"","ast-hfb-above-header-display":"","ast-hfb-below-header-display":"","ast-hfb-mobile-header-display":"","site-post-title":"","ast-breadcrumbs-content":"","ast-featured-img":"","footer-sml-layout":"","ast-disable-related-posts":"","theme-transparent-header-meta":"disabled","adv-header-id-meta":"","stick-header-meta":"","header-above-stick-meta":"","header-main-stick-meta":"","header-below-stick-meta":"","astra-migrate-meta-layouts":"default","ast-page-background-enabled":"default","ast-page-background-meta":{"desktop":{"background-color":"","background-image":"","background-repeat":"repeat","background-position":"center center","background-size":"auto","background-attachment":"scroll","background-type":"","background-media":"","overlay-type":"","overlay-color":"","overlay-opacity":"","overlay-gradient":""},"tablet":{"background-color":"","background-image":"","background-repeat":"repeat","background-position":"center center","background-size":"auto","background-attachment":"scroll","background-type":"","background-media":"","overlay-type":"","overlay-color":"","overlay-opacity":"","overlay-gradient":""},"mobile":{"background-color":"","background-image":"","background-repeat":"repeat","background-position":"center center","background-size":"auto","background-attachment":"scroll","background-type":"","background-media":"","overlay-type":"","overlay-color":"","overlay-opacity":"","overlay-gradient":""}},"ast-content-background-meta":{"desktop":{"background-color":"var(--ast-global-color-5)","background-image":"","background-repeat":"repeat","background-position":"center center","background-size":"auto","background-attachment":"scroll","background-type":"","background-media":"","overlay-type":"","overlay-color":"","overlay-opacity":"","overlay-gradient":""},"tablet":{"background-color":"var(--ast-global-color-5)","background-image":"","background-repeat":"repeat","background-position":"center center","background-size":"auto","background-attachment":"scroll","background-type":"","background-media":"","overlay-type":"","overlay-color":"","overlay-opacity":"","overlay-gradient":""},"mobile":{"background-color":"var(--ast-global-color-5)","background-image":"","background-repeat":"repeat","background-position":"center center","background-size":"auto","background-attachment":"scroll","background-type":"","background-media":"","overlay-type":"","overlay-color":"","overlay-opacity":"","overlay-gradient":""}},"footnotes":""},"class_list":["post-1224","page","type-page","status-publish","hentry"],"_links":{"self":[{"href":"https:\/\/miklr.com\/es\/wp-json\/wp\/v2\/pages\/1224","targetHints":{"allow":["GET"]}}],"collection":[{"href":"https:\/\/miklr.com\/es\/wp-json\/wp\/v2\/pages"}],"about":[{"href":"https:\/\/miklr.com\/es\/wp-json\/wp\/v2\/types\/page"}],"author":[{"embeddable":true,"href":"https:\/\/miklr.com\/es\/wp-json\/wp\/v2\/users\/1"}],"replies":[{"embeddable":true,"href":"https:\/\/miklr.com\/es\/wp-json\/wp\/v2\/comments?post=1224"}],"version-history":[{"count":50,"href":"https:\/\/miklr.com\/es\/wp-json\/wp\/v2\/pages\/1224\/revisions"}],"predecessor-version":[{"id":5955,"href":"https:\/\/miklr.com\/es\/wp-json\/wp\/v2\/pages\/1224\/revisions\/5955"}],"wp:attachment":[{"href":"https:\/\/miklr.com\/es\/wp-json\/wp\/v2\/media?parent=1224"}],"curies":[{"name":"wp","href":"https:\/\/api.w.org\/{rel}","templated":true}]}}